{"id":2453,"date":"2020-10-22T18:41:03","date_gmt":"2020-10-22T18:41:03","guid":{"rendered":"http:\/\/elimetalinc.com\/innovation\/"},"modified":"2021-07-22T17:21:09","modified_gmt":"2021-07-22T17:21:09","slug":"innovation","status":"publish","type":"page","link":"https:\/\/elimetal.com\/fr\/innovation\/","title":{"rendered":"Innovation"},"content":{"rendered":"<p><div class=\"fusion-fullwidth fullwidth-box fusion-builder-row-1 fusion-flex-container fusion-parallax-none nonhundred-percent-fullwidth non-hundred-percent-height-scrolling\" style=\"--awb-border-radius-top-left:0px;--awb-border-radius-top-right:0px;--awb-border-radius-bottom-right:0px;--awb-border-radius-bottom-left:0px;--awb-padding-top:7%;--awb-padding-bottom:7%;--awb-background-image:linear-gradient(180deg, #ffffff 0%,rgba(255,255,255,0) 100%),url(http:\/\/elimetalinc.com\/wp-content\/uploads\/2020\/12\/header-aero.jpg);;--awb-background-size:cover;--awb-flex-wrap:wrap;\" ><div class=\"fusion-builder-row fusion-row fusion-flex-align-items-stretch fusion-flex-content-wrap\" style=\"max-width:1300px;margin-left: calc(-4% \/ 2 );margin-right: calc(-4% \/ 2 );\"><div class=\"fusion-layout-column fusion_builder_column fusion-builder-column-0 fusion_builder_column_2_3 2_3 fusion-flex-column fusion-no-small-visibility fusion-no-medium-visibility fusion-animated\" style=\"--awb-bg-size:cover;--awb-width-large:66.666666666667%;--awb-margin-top-large:0px;--awb-spacing-right-large:2.88%;--awb-margin-bottom-large:20px;--awb-spacing-left-large:2.88%;--awb-width-medium:66.666666666667%;--awb-spacing-right-medium:2.88%;--awb-spacing-left-medium:2.88%;--awb-width-small:100%;--awb-spacing-right-small:1.92%;--awb-spacing-left-small:1.92%;\" data-animationType=\"fadeInLeft\" data-animationDuration=\"1.0\" data-animationOffset=\"top-into-view\"><div class=\"fusion-column-wrapper fusion-column-has-shadow fusion-flex-justify-content-flex-start fusion-content-layout-column\"><div class=\"fusion-title title fusion-title-1 fusion-sep-none fusion-title-text fusion-title-size-one\"><h1 class=\"fusion-title-heading title-heading-left\" style=\"margin:0;\">Innovation<\/h1><\/div><\/div><\/div><div class=\"fusion-layout-column fusion_builder_column fusion-builder-column-1 fusion_builder_column_2_3 2_3 fusion-flex-column fusion-no-large-visibility fusion-animated\" style=\"--awb-bg-size:cover;--awb-width-large:66.666666666667%;--awb-margin-top-large:0px;--awb-spacing-right-large:2.88%;--awb-margin-bottom-large:20px;--awb-spacing-left-large:2.88%;--awb-width-medium:66.666666666667%;--awb-spacing-right-medium:2.88%;--awb-spacing-left-medium:2.88%;--awb-width-small:100%;--awb-spacing-right-small:1.92%;--awb-spacing-left-small:1.92%;\" data-animationType=\"fadeInUp\" data-animationDuration=\"1.0\" data-animationOffset=\"top-into-view\"><div class=\"fusion-column-wrapper fusion-column-has-shadow fusion-flex-justify-content-flex-start fusion-content-layout-column\"><div class=\"fusion-title title fusion-title-2 fusion-sep-none fusion-title-center fusion-title-text fusion-title-size-one\"><h1 class=\"fusion-title-heading title-heading-center\" style=\"margin:0;\">Innovation<\/h1><\/div><\/div><\/div><\/div><\/div>\n<div class=\"fusion-fullwidth fullwidth-box fusion-builder-row-2 fusion-flex-container nonhundred-percent-fullwidth non-hundred-percent-height-scrolling\" style=\"--awb-border-radius-top-left:0px;--awb-border-radius-top-right:0px;--awb-border-radius-bottom-right:0px;--awb-border-radius-bottom-left:0px;--awb-padding-top:60px;--awb-padding-right:0px;--awb-padding-bottom:50px;--awb-padding-left:0px;--awb-padding-right-medium:4%;--awb-padding-left-medium:4%;--awb-padding-right-small:3%;--awb-padding-left-small:3%;--awb-flex-wrap:wrap;\" ><div class=\"fusion-builder-row fusion-row fusion-flex-align-items-stretch fusion-flex-content-wrap\" style=\"max-width:1300px;margin-left: calc(-4% \/ 2 );margin-right: calc(-4% \/ 2 );\"><div class=\"fusion-layout-column fusion_builder_column fusion-builder-column-2 fusion_builder_column_1_1 1_1 fusion-flex-column\" style=\"--awb-padding-top:0px;--awb-bg-size:cover;--awb-width-large:100%;--awb-margin-top-large:0px;--awb-spacing-right-large:1.92%;--awb-margin-bottom-large:20px;--awb-spacing-left-large:1.92%;--awb-width-medium:100%;--awb-order-medium:0;--awb-spacing-right-medium:1.92%;--awb-spacing-left-medium:1.92%;--awb-width-small:100%;--awb-order-small:0;--awb-spacing-right-small:1.92%;--awb-spacing-left-small:1.92%;\"><div class=\"fusion-column-wrapper fusion-column-has-shadow fusion-flex-justify-content-flex-start fusion-content-layout-column\"><div class=\"fusion-text fusion-text-1\"><p>Dans le cadre du processus de planification strat\u00e9gique annuelle de l&rsquo;entreprise, les mesures de performance annuelles finales sont examin\u00e9es et les projets existants \u00e0 court et \u00e0 long terme sont \u00e9valu\u00e9s, r\u00e9vis\u00e9s et mis \u00e0 jour. En m\u00eame temps, pour s&rsquo;assurer que l&rsquo;entreprise reste au courant des nouveaux processus, \u00e9quipements et pratiques de l&rsquo;industrie, de nouveaux projets sont lanc\u00e9s et dirig\u00e9s par les membres de l&rsquo;\u00e9quipe. Des r\u00e9unions bihebdomadaires du comit\u00e9 directeur sont organis\u00e9es tout au long de l&rsquo;ann\u00e9e pour examiner les indicateurs cl\u00e9s de performance et suivre l&rsquo;avancement des projets cl\u00e9s. Les indicateurs cl\u00e9s de performance quotidiens sont signal\u00e9s et affich\u00e9s dans l&rsquo;\u00e9tablissement afin de maintenir l&rsquo;attention sur la s\u00e9curit\u00e9, la qualit\u00e9, les performances de livraison et les co\u00fbts.<\/p>\n<\/div><\/div><\/div><\/div><\/div><div class=\"fusion-fullwidth fullwidth-box fusion-builder-row-3 fusion-flex-container nonhundred-percent-fullwidth non-hundred-percent-height-scrolling\" style=\"--awb-border-radius-top-left:0px;--awb-border-radius-top-right:0px;--awb-border-radius-bottom-right:0px;--awb-border-radius-bottom-left:0px;--awb-padding-top:60px;--awb-padding-right:0px;--awb-padding-bottom:50px;--awb-padding-left:0px;--awb-padding-right-medium:4%;--awb-padding-left-medium:4%;--awb-padding-right-small:3%;--awb-padding-left-small:3%;--awb-background-color:#f4f4f4;--awb-flex-wrap:wrap;\" ><div class=\"fusion-builder-row fusion-row fusion-flex-align-items-stretch fusion-flex-content-wrap\" style=\"max-width:1300px;margin-left: calc(-4% \/ 2 );margin-right: calc(-4% \/ 2 );\"><div class=\"fusion-layout-column fusion_builder_column fusion-builder-column-3 fusion_builder_column_1_1 1_1 fusion-flex-column fusion-animated\" style=\"--awb-overflow:hidden;--awb-bg-size:cover;--awb-border-color:#ffffff;--awb-border-style:solid;--awb-border-radius:8px 8px 8px 8px;--awb-width-large:100%;--awb-margin-top-large:0px;--awb-spacing-right-large:1.92%;--awb-margin-bottom-large:20px;--awb-spacing-left-large:1.92%;--awb-width-medium:50%;--awb-order-medium:0;--awb-spacing-right-medium:3.84%;--awb-spacing-left-medium:3.84%;--awb-width-small:100%;--awb-order-small:0;--awb-spacing-right-small:1.92%;--awb-spacing-left-small:1.92%;\" data-animationType=\"fadeInLeft\" data-animationDuration=\"1.0\" data-animationOffset=\"top-into-view\"><div class=\"fusion-column-wrapper fusion-column-has-shadow fusion-flex-justify-content-flex-start fusion-content-layout-column\"><div class=\"fusion-title title fusion-title-3 fusion-sep-none fusion-title-text fusion-title-size-two\" style=\"--awb-font-size:26px;\"><h2 class=\"fusion-title-heading title-heading-left\" style=\"margin:0;font-size:1em;\">Vision technologique<\/h2><\/div><\/div><\/div><div class=\"fusion-layout-column fusion_builder_column fusion-builder-column-4 fusion_builder_column_1_1 1_1 fusion-flex-column fusion-animated\" style=\"--awb-padding-right-small:2%;--awb-padding-left-small:2%;--awb-overflow:hidden;--awb-bg-size:cover;--awb-border-color:#ffffff;--awb-border-style:solid;--awb-border-radius:8px 8px 8px 8px;--awb-width-large:100%;--awb-margin-top-large:0px;--awb-spacing-right-large:1.92%;--awb-margin-bottom-large:20px;--awb-spacing-left-large:1.92%;--awb-width-medium:100%;--awb-order-medium:0;--awb-spacing-right-medium:1.92%;--awb-spacing-left-medium:1.92%;--awb-width-small:100%;--awb-order-small:0;--awb-spacing-right-small:1.92%;--awb-spacing-left-small:1.92%;\" data-animationType=\"fadeInLeft\" data-animationDuration=\"1.0\" data-animationOffset=\"top-into-view\"><div class=\"fusion-column-wrapper fusion-column-has-shadow fusion-flex-justify-content-flex-start fusion-content-layout-column\"><div class=\"fusion-text fusion-text-2\"><p>Au cours du processus d&rsquo;introduction d&rsquo;un nouveau produit, un examen approfondi de la fabrication est effectu\u00e9 avec tous les membres de l&rsquo;\u00e9quipe de r\u00e9vision du contrat. . L&rsquo;objectif est toujours de garantir l&rsquo;optimisation de la production maximale et de mettre l&rsquo;accent sur la qualit\u00e9 de la premi\u00e8re fois et de la faire respecter tout au long du processus.<\/p>\n<\/div><div class=\"fusion-text fusion-text-3\"><p>Parmi les outils robustes qu&rsquo;Elimetal utilise au cours de ce processus d&rsquo;optimisation, citons les suivants<\/p>\n<\/div><div class=\"fusion-text fusion-text-4\"><ul>\n<li>FMEA (analyse des modes de d\u00e9faillance et de leurs effets)<\/li>\n<li>Mastercam et Mastercam Simulator<\/li>\n<li>Mod\u00e9lisation et conception Catia<\/li>\n<li>Programmation de MMT hors ligne<\/li>\n<li>Poka-yoke \/ Pr\u00e9vention des erreurs<\/li>\n<li>Analyse de la dur\u00e9e de vie des outils<\/li>\n<li>Examen du rapport co\u00fbt-efficacit\u00e9<\/li>\n<li>Examen des sp\u00e9cifications du client<\/li>\n<\/ul>\n<\/div><\/div><\/div><\/div><\/div><div class=\"fusion-fullwidth fullwidth-box fusion-builder-row-4 fusion-flex-container nonhundred-percent-fullwidth non-hundred-percent-height-scrolling\" style=\"--awb-border-radius-top-left:0px;--awb-border-radius-top-right:0px;--awb-border-radius-bottom-right:0px;--awb-border-radius-bottom-left:0px;--awb-padding-top:60px;--awb-padding-right:0px;--awb-padding-bottom:50px;--awb-padding-left:0px;--awb-padding-right-medium:4%;--awb-padding-left-medium:4%;--awb-padding-right-small:3%;--awb-padding-left-small:3%;--awb-flex-wrap:wrap;\" ><div class=\"fusion-builder-row fusion-row fusion-flex-align-items-stretch fusion-flex-content-wrap\" style=\"max-width:1300px;margin-left: calc(-4% \/ 2 );margin-right: calc(-4% \/ 2 );\"><div class=\"fusion-layout-column fusion_builder_column fusion-builder-column-5 fusion_builder_column_1_1 1_1 fusion-flex-column fusion-animated\" style=\"--awb-overflow:hidden;--awb-bg-size:cover;--awb-border-color:#ffffff;--awb-border-top:1px;--awb-border-right:1px;--awb-border-bottom:1px;--awb-border-left:1px;--awb-border-style:solid;--awb-border-radius:8px 8px 8px 8px;--awb-width-large:100%;--awb-margin-top-large:0px;--awb-spacing-right-large:1.92%;--awb-margin-bottom-large:20px;--awb-spacing-left-large:1.92%;--awb-width-medium:100%;--awb-order-medium:0;--awb-spacing-right-medium:1.92%;--awb-spacing-left-medium:1.92%;--awb-width-small:100%;--awb-order-small:0;--awb-spacing-right-small:1.92%;--awb-spacing-left-small:1.92%;\" data-animationType=\"fadeInLeft\" data-animationDuration=\"1.0\" data-animationOffset=\"top-into-view\"><div class=\"fusion-column-wrapper fusion-column-has-shadow fusion-flex-justify-content-flex-start fusion-content-layout-column\"><div class=\"fusion-title title fusion-title-4 fusion-sep-none fusion-title-text fusion-title-size-two\" style=\"--awb-font-size:26px;\"><h2 class=\"fusion-title-heading title-heading-left\" style=\"margin:0;font-size:1em;\">Am\u00e9lioration Continue<\/h2><\/div><div class=\"fusion-text fusion-text-5\"><p><strong>Elimetal<\/strong>est fi\u00e8re d&rsquo;offrir des solutions d&rsquo;usinage optimales de bout en bout pour tous les projets sp\u00e9cialis\u00e9s et d&rsquo;impression Afin de r\u00e9pondre aux exigences techniques et de performance de plus en plus difficiles des clients, l&rsquo;entreprise se concentre depuis plusieurs ann\u00e9es sur des projets d&rsquo;am\u00e9lioration continue. La cartographie des processus, la r\u00e9duction des temps de r\u00e9glage et de cycle, les 5S, l&rsquo;utilisation de Kanbans et d&rsquo;autres outils de type \u00ab\u00a0lean\u00a0\u00bb continuent d&rsquo;\u00eatre int\u00e9gr\u00e9s pour am\u00e9liorer et r\u00e9duire les variations dans les processus cl\u00e9s. . Les outils PFMEA, SPC et autres outils de qualit\u00e9 et de gestion des risques sont utilis\u00e9s pour obtenir des rendements optimaux et des inspections de premier article, le cas \u00e9ch\u00e9ant.<\/p>\n<p>L&rsquo;am\u00e9lioration continue est un th\u00e8me r\u00e9current dans la culture de l&rsquo;entreprise, car elle est encourag\u00e9e par l&rsquo;utilisation de l'\u00a0\u00bbABC\u00a0\u00bb d&rsquo;Elimetal.<\/p>\n<ul>\n<li><strong>Le logiciel de gestion de projet Asana<\/strong>pour faciliter le suivi et les livrables de chaque projet jusqu&rsquo;\u00e0 son ach\u00e8vement afin d&rsquo;en assurer le succ\u00e8s.<\/li>\n<li><strong>R\u00e9unions bihebdomadaires du comit\u00e9 directeur<\/strong> pour s&rsquo;assurer que les actions strat\u00e9giques sont prises et mesur\u00e9es.<\/li>\n<li><strong>Communiquer et r\u00e9compenser<\/strong>les employ\u00e9s pour leurs efforts et leurs id\u00e9es d&rsquo;am\u00e9lioration continue.<\/li>\n<li><strong>Normalisation<\/strong>de tous les processus.<\/li>\n<\/ul>\n<\/div><div class=\"fusion-title title fusion-title-5 fusion-sep-none fusion-title-text fusion-title-size-one\" style=\"--awb-text-color:#000000;--awb-margin-bottom:0px;--awb-margin-bottom-small:0px;--awb-sep-color:#ffffff;--awb-font-size:24px;\"><h1 class=\"fusion-title-heading title-heading-left\" style=\"margin:0;font-size:1em;\"><p style=\"text-align: center;\">L&rsquo;objectif primordial de tous ces efforts est de devenir votre fournisseur de choix et d&rsquo;assurer les plus hauts niveaux de satisfaction de la client\u00e8le.<\/p><\/h1><\/div><\/div><\/div><\/div><\/div><div class=\"fusion-fullwidth fullwidth-box fusion-builder-row-5 fusion-flex-container fusion-parallax-none hundred-percent-fullwidth non-hundred-percent-height-scrolling\" style=\"--awb-border-radius-top-left:0px;--awb-border-radius-top-right:0px;--awb-border-radius-bottom-right:0px;--awb-border-radius-bottom-left:0px;--awb-padding-top:6%;--awb-padding-bottom:5%;--awb-background-image:linear-gradient(0deg, rgba(102,169,214,0) 0%,rgba(0,0,0,0.04) 66%),url(http:\/\/elimetalinc.com\/wp-content\/uploads\/2020\/12\/footer.jpg);;--awb-background-size:cover;--awb-flex-wrap:wrap;\" ><div class=\"fusion-builder-row fusion-row fusion-flex-align-items-flex-start fusion-flex-content-wrap\" style=\"width:104% !important;max-width:104% !important;margin-left: calc(-4% \/ 2 );margin-right: calc(-4% \/ 2 );\"><div class=\"fusion-layout-column fusion_builder_column fusion-builder-column-6 fusion_builder_column_2_3 2_3 fusion-flex-column fusion-animated\" style=\"--awb-bg-size:cover;--awb-width-large:66.666666666667%;--awb-margin-top-large:0px;--awb-spacing-right-large:2.88%;--awb-margin-bottom-large:20px;--awb-spacing-left-large:2.88%;--awb-width-medium:66.666666666667%;--awb-spacing-right-medium:2.88%;--awb-spacing-left-medium:2.88%;--awb-width-small:100%;--awb-spacing-right-small:1.92%;--awb-spacing-left-small:1.92%;\" data-animationType=\"fadeInUp\" data-animationDuration=\"1.0\" data-animationOffset=\"top-into-view\"><div class=\"fusion-column-wrapper fusion-column-has-shadow fusion-flex-justify-content-flex-start fusion-content-layout-column\"><div class=\"fusion-title title fusion-title-6 fusion-sep-none fusion-title-center fusion-title-text fusion-title-size-three\" style=\"--awb-text-color:#ffffff;--awb-margin-top:0px;--awb-sep-color:#415666;\"><h3 class=\"fusion-title-heading title-heading-center\" style=\"margin:0;\"><p>Nous sommes l\u00e0 pour fournir \u00e0 votre organisation,<br \/>\ndes produits de haute qualit\u00e9 et un service professionnel!<\/p><\/h3><\/div><\/div><\/div><div class=\"fusion-layout-column fusion_builder_column fusion-builder-column-7 fusion_builder_column_1_3 1_3 fusion-flex-column fusion-animated\" style=\"--awb-bg-size:cover;--awb-width-large:33.333333333333%;--awb-margin-top-large:0px;--awb-spacing-right-large:5.76%;--awb-margin-bottom-large:20px;--awb-spacing-left-large:5.76%;--awb-width-medium:33.333333333333%;--awb-spacing-right-medium:5.76%;--awb-spacing-left-medium:5.76%;--awb-width-small:100%;--awb-spacing-right-small:1.92%;--awb-spacing-left-small:1.92%;\" data-animationType=\"fadeInUp\" data-animationDuration=\"1.0\" data-animationOffset=\"top-into-view\"><div class=\"fusion-column-wrapper fusion-column-has-shadow fusion-flex-justify-content-flex-start fusion-content-layout-column\"><div style=\"text-align:center;\"><a class=\"fusion-button button-flat fusion-button-default-size button-default fusion-button-default button-1 fusion-button-default-span fusion-button-default-type\" target=\"_self\" title=\"Contactez-nous pour plus d&#039;informations\" aria-label=\"Contactez-nous pour plus d&#039;informations\" href=\"\/contact-us\/\"><span class=\"fusion-button-text\">Contactez-nous pour plus d&#8217;informations<\/span><\/a><\/div><\/div><\/div><\/div><\/div>\n<\/p>\n","protected":false},"excerpt":{"rendered":"","protected":false},"author":1,"featured_media":0,"parent":0,"menu_order":0,"comment_status":"closed","ping_status":"closed","template":"100-width.php","meta":{"footnotes":""},"class_list":["post-2453","page","type-page","status-publish","hentry"],"_links":{"self":[{"href":"https:\/\/elimetal.com\/fr\/wp-json\/wp\/v2\/pages\/2453","targetHints":{"allow":["GET"]}}],"collection":[{"href":"https:\/\/elimetal.com\/fr\/wp-json\/wp\/v2\/pages"}],"about":[{"href":"https:\/\/elimetal.com\/fr\/wp-json\/wp\/v2\/types\/page"}],"author":[{"embeddable":true,"href":"https:\/\/elimetal.com\/fr\/wp-json\/wp\/v2\/users\/1"}],"replies":[{"embeddable":true,"href":"https:\/\/elimetal.com\/fr\/wp-json\/wp\/v2\/comments?post=2453"}],"version-history":[{"count":17,"href":"https:\/\/elimetal.com\/fr\/wp-json\/wp\/v2\/pages\/2453\/revisions"}],"predecessor-version":[{"id":2894,"href":"https:\/\/elimetal.com\/fr\/wp-json\/wp\/v2\/pages\/2453\/revisions\/2894"}],"wp:attachment":[{"href":"https:\/\/elimetal.com\/fr\/wp-json\/wp\/v2\/media?parent=2453"}],"curies":[{"name":"wp","href":"https:\/\/api.w.org\/{rel}","templated":true}]}}