{"id":2381,"date":"2021-07-15T15:14:36","date_gmt":"2021-07-15T15:14:36","guid":{"rendered":"http:\/\/elimetalinc.com\/services\/edm\/"},"modified":"2021-07-26T15:49:50","modified_gmt":"2021-07-26T15:49:50","slug":"edm","status":"publish","type":"page","link":"https:\/\/elimetal.com\/fr\/services\/edm\/","title":{"rendered":"EDM"},"content":{"rendered":"<p><div class=\"fusion-fullwidth fullwidth-box fusion-builder-row-1 fusion-flex-container fusion-parallax-none nonhundred-percent-fullwidth non-hundred-percent-height-scrolling\" style=\"--awb-border-radius-top-left:0px;--awb-border-radius-top-right:0px;--awb-border-radius-bottom-right:0px;--awb-border-radius-bottom-left:0px;--awb-padding-top:7%;--awb-padding-bottom:7%;--awb-background-image:linear-gradient(180deg, #ffffff 0%,rgba(255,255,255,0) 100%),url(https:\/\/elimetal.com\/wp-content\/uploads\/2021\/05\/slider-edm.jpg);;--awb-background-size:cover;--awb-flex-wrap:wrap;\" ><div class=\"fusion-builder-row fusion-row fusion-flex-align-items-stretch fusion-flex-content-wrap\" style=\"max-width:1300px;margin-left: calc(-4% \/ 2 );margin-right: calc(-4% \/ 2 );\"><div class=\"fusion-layout-column fusion_builder_column fusion-builder-column-0 fusion_builder_column_2_3 2_3 fusion-flex-column fusion-no-small-visibility fusion-no-medium-visibility fusion-animated\" style=\"--awb-bg-size:cover;--awb-width-large:66.666666666667%;--awb-margin-top-large:0px;--awb-spacing-right-large:2.88%;--awb-margin-bottom-large:20px;--awb-spacing-left-large:2.88%;--awb-width-medium:66.666666666667%;--awb-spacing-right-medium:2.88%;--awb-spacing-left-medium:2.88%;--awb-width-small:100%;--awb-spacing-right-small:1.92%;--awb-spacing-left-small:1.92%;\" data-animationType=\"fadeInLeft\" data-animationDuration=\"1.0\" data-animationOffset=\"top-into-view\"><div class=\"fusion-column-wrapper fusion-column-has-shadow fusion-flex-justify-content-flex-start fusion-content-layout-column\"><div class=\"fusion-title title fusion-title-1 fusion-sep-none fusion-title-text fusion-title-size-one\"><h1 class=\"fusion-title-heading title-heading-left\" style=\"margin:0;\">EDM<\/h1><\/div><\/div><\/div><div class=\"fusion-layout-column fusion_builder_column fusion-builder-column-1 fusion_builder_column_2_3 2_3 fusion-flex-column fusion-no-large-visibility fusion-animated\" style=\"--awb-bg-size:cover;--awb-width-large:66.666666666667%;--awb-margin-top-large:0px;--awb-spacing-right-large:2.88%;--awb-margin-bottom-large:20px;--awb-spacing-left-large:2.88%;--awb-width-medium:66.666666666667%;--awb-spacing-right-medium:2.88%;--awb-spacing-left-medium:2.88%;--awb-width-small:100%;--awb-spacing-right-small:1.92%;--awb-spacing-left-small:1.92%;\" data-animationType=\"fadeInUp\" data-animationDuration=\"1.0\" data-animationOffset=\"top-into-view\"><div class=\"fusion-column-wrapper fusion-column-has-shadow fusion-flex-justify-content-flex-start fusion-content-layout-column\"><div class=\"fusion-title title fusion-title-2 fusion-sep-none fusion-title-center fusion-title-text fusion-title-size-one\"><h1 class=\"fusion-title-heading title-heading-center\" style=\"margin:0;\">EDM<\/h1><\/div><\/div><\/div><\/div><\/div>\n<div id=\"aero-engines\" class=\"fusion-container-anchor\"><div class=\"fusion-fullwidth fullwidth-box fusion-builder-row-2 fusion-flex-container nonhundred-percent-fullwidth non-hundred-percent-height-scrolling\" style=\"--awb-background-blend-mode:overlay;--awb-border-radius-top-left:0px;--awb-border-radius-top-right:0px;--awb-border-radius-bottom-right:0px;--awb-border-radius-bottom-left:0px;--awb-padding-top:5%;--awb-padding-bottom:5%;--awb-background-color:rgba(255,255,255,0.51);--awb-flex-wrap:wrap;\" ><div class=\"fusion-builder-row fusion-row fusion-flex-align-items-flex-start fusion-flex-content-wrap\" style=\"max-width:1300px;margin-left: calc(-4% \/ 2 );margin-right: calc(-4% \/ 2 );\"><div class=\"fusion-layout-column fusion_builder_column fusion-builder-column-2 fusion_builder_column_1_1 1_1 fusion-flex-column\" style=\"--awb-padding-top:0px;--awb-padding-right:0px;--awb-padding-bottom:0px;--awb-padding-left:0px;--awb-bg-size:cover;--awb-width-large:100%;--awb-margin-top-large:0px;--awb-spacing-right-large:1.92%;--awb-margin-bottom-large:20px;--awb-spacing-left-large:1.92%;--awb-width-medium:100%;--awb-order-medium:0;--awb-spacing-right-medium:1.92%;--awb-spacing-left-medium:1.92%;--awb-width-small:100%;--awb-order-small:0;--awb-spacing-right-small:1.92%;--awb-spacing-left-small:1.92%;\"><div class=\"fusion-column-wrapper fusion-column-has-shadow fusion-flex-justify-content-flex-start fusion-content-layout-column\"><div class=\"fusion-text fusion-text-1\"><p><strong>Elimetal<\/strong> est non seulement l&rsquo;un des op\u00e9rateurs EDM les plus importants et les plus exp\u00e9riment\u00e9s d&rsquo;Am\u00e9rique du Nord, mais aussi l&rsquo;un des fabricants de pi\u00e8ces usin\u00e9es les plus avanc\u00e9s et les plus innovants. Les diff\u00e9rents proc\u00e9d\u00e9s d&rsquo;\u00e9lectro\u00e9rosion couvrent un large \u00e9ventail d&rsquo;applications dans l&rsquo;industrie a\u00e9rospatiale, comme les trous de refroidissement qui sont assez courants dans les moteurs \u00e0 turbine qui fonctionnent \u00e0 des temp\u00e9ratures \u00e9lev\u00e9es. Contrairement aux outils de coupe conventionnels, l&rsquo;usure extr\u00eamement faible de l&rsquo;EDM favorise son adoption dans diverses applications. Les fabricants de composants a\u00e9rospatiaux s&rsquo;appuient de plus en plus sur les technologies de per\u00e7age par EDM pour fabriquer des pi\u00e8ces de pr\u00e9cision aux formes complexes. Le processus d&rsquo;EDM peut \u00eatre utilis\u00e9 pour l&rsquo;usinage de tout alliage dur non usinable, m\u00eame apr\u00e8s avoir \u00e9t\u00e9 trait\u00e9 thermiquement jusqu&rsquo;\u00e0 la duret\u00e9 maximale possible. L&rsquo;effet m\u00e9tallurgique est bien moins d\u00e9l\u00e9t\u00e8re que celui du laser. La couche de refonte et la HAZ (Zone affect\u00e9e par la chaleur) sont contr\u00f4l\u00e9es pour r\u00e9pondre aux exigences sp\u00e9cifiques.<\/p>\n<\/div><div class=\"fusion-text fusion-text-2\"><p><strong>L&rsquo;\u00e9lectro\u00e9rosion est utilis\u00e9e dans plusieurs formes d&rsquo;enl\u00e8vement de m\u00e9tal de haute pr\u00e9cision:<\/strong><\/p>\n<ul>\n<li>D\u00e9coupage de fils -Grandes pi\u00e8ces jusqu&rsquo;\u00e0 26&Prime; de hauteur (hautes ou \u00e9paisses). Tr\u00e8s peu d&rsquo;entreprises en Am\u00e9rique du Nord sont en mesure d&rsquo;\u00e9galer cette capacit\u00e9.<\/li>\n<li>Enfoncement &#8211; Couramment utilis\u00e9 pour les cannelures internes ou pour toute forme g\u00e9om\u00e9trique complexe qui ne peut \u00eatre usin\u00e9e sur un m\u00e9tal conducteur.<\/li>\n<li>FHD (Fast Hole Drilling) &#8211; Petits trous de 0,016&Prime; de diam\u00e8tre. A percer dans des surfaces concaves ou convexes.<\/li>\n<\/ul>\n<\/div><\/div><\/div><div class=\"fusion-layout-column fusion_builder_column fusion-builder-column-3 fusion_builder_column_1_1 1_1 fusion-flex-column\" style=\"--awb-padding-top:0px;--awb-padding-right:0px;--awb-padding-bottom:0px;--awb-padding-left:0px;--awb-bg-size:cover;--awb-width-large:100%;--awb-margin-top-large:0px;--awb-spacing-right-large:1.92%;--awb-margin-bottom-large:20px;--awb-spacing-left-large:1.92%;--awb-width-medium:100%;--awb-order-medium:0;--awb-spacing-right-medium:1.92%;--awb-spacing-left-medium:1.92%;--awb-width-small:100%;--awb-order-small:0;--awb-spacing-right-small:1.92%;--awb-spacing-left-small:1.92%;\"><div class=\"fusion-column-wrapper fusion-column-has-shadow fusion-flex-justify-content-flex-start fusion-content-layout-column\">Aucun mod\u00e8le de galerie trouv\u00e9\u00a0!<\/div><\/div><\/div><\/div><\/div><div class=\"fusion-fullwidth fullwidth-box fusion-builder-row-3 fusion-flex-container fusion-parallax-none hundred-percent-fullwidth non-hundred-percent-height-scrolling\" style=\"--awb-border-radius-top-left:0px;--awb-border-radius-top-right:0px;--awb-border-radius-bottom-right:0px;--awb-border-radius-bottom-left:0px;--awb-padding-top:6%;--awb-padding-right:18%;--awb-padding-bottom:5%;--awb-padding-left:18%;--awb-background-image:linear-gradient(0deg, rgba(102,169,214,0) 0%,rgba(0,0,0,0.04) 66%),url(http:\/\/elimetalinc.com\/wp-content\/uploads\/2020\/12\/footer.jpg);;--awb-background-size:cover;--awb-flex-wrap:wrap;\" ><div class=\"fusion-builder-row fusion-row fusion-flex-align-items-center fusion-flex-content-wrap\" style=\"width:104% !important;max-width:104% !important;margin-left: calc(-4% \/ 2 );margin-right: calc(-4% \/ 2 );\"><div class=\"fusion-layout-column fusion_builder_column fusion-builder-column-4 fusion_builder_column_2_3 2_3 fusion-flex-column fusion-animated\" style=\"--awb-bg-size:cover;--awb-width-large:66.666666666667%;--awb-margin-top-large:0px;--awb-spacing-right-large:2.88%;--awb-margin-bottom-large:20px;--awb-spacing-left-large:2.88%;--awb-width-medium:66.666666666667%;--awb-spacing-right-medium:2.88%;--awb-spacing-left-medium:2.88%;--awb-width-small:100%;--awb-spacing-right-small:1.92%;--awb-spacing-left-small:1.92%;\" data-animationType=\"fadeInUp\" data-animationDuration=\"1.0\" data-animationOffset=\"top-into-view\"><div class=\"fusion-column-wrapper fusion-column-has-shadow fusion-flex-justify-content-flex-start fusion-content-layout-column\"><div class=\"fusion-title title fusion-title-3 fusion-sep-none fusion-title-text fusion-title-size-three\" style=\"--awb-text-color:#ffffff;--awb-margin-top:0px;--awb-sep-color:#415666;\"><h3 class=\"fusion-title-heading title-heading-left\" style=\"margin:0;\"><p>Nous sommes l\u00e0 pour fournir \u00e0 votre organisation,<br \/>\ndes produits de haute qualit\u00e9 et un service professionnel!<\/p><\/h3><\/div><\/div><\/div><div class=\"fusion-layout-column fusion_builder_column fusion-builder-column-5 fusion_builder_column_1_3 1_3 fusion-flex-column fusion-animated\" style=\"--awb-bg-size:cover;--awb-width-large:33.333333333333%;--awb-margin-top-large:0px;--awb-spacing-right-large:5.76%;--awb-margin-bottom-large:20px;--awb-spacing-left-large:5.76%;--awb-width-medium:33.333333333333%;--awb-spacing-right-medium:5.76%;--awb-spacing-left-medium:5.76%;--awb-width-small:100%;--awb-spacing-right-small:1.92%;--awb-spacing-left-small:1.92%;\" data-animationType=\"fadeInUp\" data-animationDuration=\"1.0\" data-animationOffset=\"top-into-view\"><div class=\"fusion-column-wrapper fusion-column-has-shadow fusion-flex-justify-content-flex-start fusion-content-layout-column\"><div style=\"text-align:center;\"><a class=\"fusion-button button-flat fusion-button-default-size button-default fusion-button-default button-1 fusion-button-default-span fusion-button-default-type\" target=\"_self\" title=\"Contactez-nous pour plus d&#039;informations\" aria-label=\"Contactez-nous pour plus d&#039;informations\" href=\"https:\/\/elimetal.com\/fr\/nous-contacter\/\"><span class=\"fusion-button-text\">Contactez-nous pour plus d&rsquo;informations<\/span><\/a><\/div><\/div><\/div><\/div><\/div>\n<\/p>\n","protected":false},"excerpt":{"rendered":"","protected":false},"author":1,"featured_media":2700,"parent":2308,"menu_order":0,"comment_status":"closed","ping_status":"closed","template":"100-width.php","meta":{"footnotes":""},"class_list":["post-2381","page","type-page","status-publish","has-post-thumbnail","hentry"],"_links":{"self":[{"href":"https:\/\/elimetal.com\/fr\/wp-json\/wp\/v2\/pages\/2381","targetHints":{"allow":["GET"]}}],"collection":[{"href":"https:\/\/elimetal.com\/fr\/wp-json\/wp\/v2\/pages"}],"about":[{"href":"https:\/\/elimetal.com\/fr\/wp-json\/wp\/v2\/types\/page"}],"author":[{"embeddable":true,"href":"https:\/\/elimetal.com\/fr\/wp-json\/wp\/v2\/users\/1"}],"replies":[{"embeddable":true,"href":"https:\/\/elimetal.com\/fr\/wp-json\/wp\/v2\/comments?post=2381"}],"version-history":[{"count":39,"href":"https:\/\/elimetal.com\/fr\/wp-json\/wp\/v2\/pages\/2381\/revisions"}],"predecessor-version":[{"id":3064,"href":"https:\/\/elimetal.com\/fr\/wp-json\/wp\/v2\/pages\/2381\/revisions\/3064"}],"up":[{"embeddable":true,"href":"https:\/\/elimetal.com\/fr\/wp-json\/wp\/v2\/pages\/2308"}],"wp:featuredmedia":[{"embeddable":true,"href":"https:\/\/elimetal.com\/fr\/wp-json\/wp\/v2\/media\/2700"}],"wp:attachment":[{"href":"https:\/\/elimetal.com\/fr\/wp-json\/wp\/v2\/media?parent=2381"}],"curies":[{"name":"wp","href":"https:\/\/api.w.org\/{rel}","templated":true}]}}