{"id":2345,"date":"2021-07-15T15:01:48","date_gmt":"2021-07-15T15:01:48","guid":{"rendered":"http:\/\/elimetalinc.com\/services\/cellule-de-tournage-2\/"},"modified":"2021-07-15T15:01:51","modified_gmt":"2021-07-15T15:01:51","slug":"cellule-de-tournage-2","status":"publish","type":"page","link":"https:\/\/elimetal.com\/fr\/services\/cellule-de-tournage-2\/","title":{"rendered":"Cellule de tournage"},"content":{"rendered":"<p><div class=\"fusion-fullwidth fullwidth-box fusion-builder-row-1 fusion-flex-container fusion-parallax-none nonhundred-percent-fullwidth non-hundred-percent-height-scrolling\" style=\"--awb-border-radius-top-left:0px;--awb-border-radius-top-right:0px;--awb-border-radius-bottom-right:0px;--awb-border-radius-bottom-left:0px;--awb-padding-top:7%;--awb-padding-bottom:7%;--awb-background-image:linear-gradient(180deg, #ffffff 0%,rgba(255,255,255,0) 100%),url(https:\/\/elimetal.com\/wp-content\/uploads\/2021\/05\/slider-grinding.jpg);;--awb-background-size:cover;--awb-flex-wrap:wrap;\" ><div class=\"fusion-builder-row fusion-row fusion-flex-align-items-stretch fusion-flex-content-wrap\" style=\"max-width:1300px;margin-left: calc(-4% \/ 2 );margin-right: calc(-4% \/ 2 );\"><div class=\"fusion-layout-column fusion_builder_column fusion-builder-column-0 fusion_builder_column_2_3 2_3 fusion-flex-column fusion-no-small-visibility fusion-no-medium-visibility fusion-animated\" style=\"--awb-bg-size:cover;--awb-width-large:66.666666666667%;--awb-margin-top-large:0px;--awb-spacing-right-large:2.88%;--awb-margin-bottom-large:20px;--awb-spacing-left-large:2.88%;--awb-width-medium:66.666666666667%;--awb-spacing-right-medium:2.88%;--awb-spacing-left-medium:2.88%;--awb-width-small:100%;--awb-spacing-right-small:1.92%;--awb-spacing-left-small:1.92%;\" data-animationType=\"fadeInLeft\" data-animationDuration=\"1.0\" data-animationOffset=\"top-into-view\"><div class=\"fusion-column-wrapper fusion-column-has-shadow fusion-flex-justify-content-flex-start fusion-content-layout-column\"><div class=\"fusion-title title fusion-title-1 fusion-sep-none fusion-title-text fusion-title-size-one\"><h1 class=\"fusion-title-heading title-heading-left\" style=\"margin:0;\">Cellule de tournage<\/h1><\/div><\/div><\/div><div class=\"fusion-layout-column fusion_builder_column fusion-builder-column-1 fusion_builder_column_2_3 2_3 fusion-flex-column fusion-no-large-visibility fusion-animated\" style=\"--awb-bg-size:cover;--awb-width-large:66.666666666667%;--awb-margin-top-large:0px;--awb-spacing-right-large:2.88%;--awb-margin-bottom-large:20px;--awb-spacing-left-large:2.88%;--awb-width-medium:66.666666666667%;--awb-spacing-right-medium:2.88%;--awb-spacing-left-medium:2.88%;--awb-width-small:100%;--awb-spacing-right-small:1.92%;--awb-spacing-left-small:1.92%;\" data-animationType=\"fadeInUp\" data-animationDuration=\"1.0\" data-animationOffset=\"top-into-view\"><div class=\"fusion-column-wrapper fusion-column-has-shadow fusion-flex-justify-content-flex-start fusion-content-layout-column\"><div class=\"fusion-title title fusion-title-2 fusion-sep-none fusion-title-center fusion-title-text fusion-title-size-one\"><h1 class=\"fusion-title-heading title-heading-center\" style=\"margin:0;\">Cellule de tournage<\/h1><\/div><\/div><\/div><\/div><\/div>\n<div id=\"aero-engines\" class=\"fusion-container-anchor\"><div class=\"fusion-fullwidth fullwidth-box fusion-builder-row-2 fusion-flex-container nonhundred-percent-fullwidth non-hundred-percent-height-scrolling\" style=\"--awb-background-blend-mode:overlay;--awb-border-radius-top-left:0px;--awb-border-radius-top-right:0px;--awb-border-radius-bottom-right:0px;--awb-border-radius-bottom-left:0px;--awb-padding-top:5%;--awb-padding-bottom:5%;--awb-background-color:rgba(255,255,255,0.51);--awb-flex-wrap:wrap;\" ><div class=\"fusion-builder-row fusion-row fusion-flex-align-items-flex-start fusion-flex-content-wrap\" style=\"max-width:1300px;margin-left: calc(-4% \/ 2 );margin-right: calc(-4% \/ 2 );\"><div class=\"fusion-layout-column fusion_builder_column fusion-builder-column-2 fusion_builder_column_1_1 1_1 fusion-flex-column\" style=\"--awb-padding-top:0px;--awb-padding-right:0px;--awb-padding-bottom:0px;--awb-padding-left:0px;--awb-bg-size:cover;--awb-width-large:100%;--awb-margin-top-large:0px;--awb-spacing-right-large:1.92%;--awb-margin-bottom-large:20px;--awb-spacing-left-large:1.92%;--awb-width-medium:100%;--awb-order-medium:0;--awb-spacing-right-medium:1.92%;--awb-spacing-left-medium:1.92%;--awb-width-small:100%;--awb-order-small:0;--awb-spacing-right-small:1.92%;--awb-spacing-left-small:1.92%;\"><div class=\"fusion-column-wrapper fusion-column-has-shadow fusion-flex-justify-content-flex-start fusion-content-layout-column\"><div class=\"fusion-text fusion-text-1\"><p>L&rsquo;expansion de nos capacit\u00e9s de tournage nous a permis de d\u00e9velopper de mani\u00e8re significative notre expertise en mati\u00e8re de trains d&rsquo;atterrissage et de composants li\u00e9s \u00e0 l&rsquo;actionnement. Un nouveau centre de tournage CNC Doosan 4100 LB \u00e0 usage intensif a r\u00e9cemment \u00e9t\u00e9 install\u00e9 pour soutenir nos capacit\u00e9s de forage profond et fournir une capacit\u00e9 suppl\u00e9mentaire. Cette machine permet un diam\u00e8tre de tournage de 22 pouces et une longueur de tournage de 82 pouces. Avec un moteur de broche de 50 cv et une capacit\u00e9 de per\u00e7age profond allant jusqu&rsquo;\u00e0 36 pouces de long, cette toute nouvelle machine s&rsquo;inscrit dans le cadre du plan d&rsquo;investissement continu de l&rsquo;entreprise visant \u00e0 am\u00e9liorer ses capacit\u00e9s.<\/p>\n<p><strong>Elimetal<\/strong> usine une large gamme de mat\u00e9riaux, y compris, mais sans s&rsquo;y limiter, l&rsquo;acier inoxydable, l&rsquo;acier, l&rsquo;aluminium, l&rsquo;Inconel et le titane. Ces mat\u00e9riaux sont re\u00e7us sous forme de pi\u00e8ces moul\u00e9es ou de barres pleines, allant de 0 \u00e0 32 pouces.<\/p>\n<\/div><div class=\"fusion-text fusion-text-2\"><p><strong>L&rsquo;\u00e9quipement existant peut usiner jusqu&rsquo;\u00e0 24 pouces de diam\u00e8tre et 80 pouces de longueur.<\/strong><\/p>\n<\/div><\/div><\/div><div class=\"fusion-layout-column fusion_builder_column fusion-builder-column-3 fusion_builder_column_1_1 1_1 fusion-flex-column\" style=\"--awb-padding-top:0px;--awb-padding-right:0px;--awb-padding-bottom:0px;--awb-padding-left:0px;--awb-bg-size:cover;--awb-width-large:100%;--awb-margin-top-large:0px;--awb-spacing-right-large:1.92%;--awb-margin-bottom-large:20px;--awb-spacing-left-large:1.92%;--awb-width-medium:100%;--awb-order-medium:0;--awb-spacing-right-medium:1.92%;--awb-spacing-left-medium:1.92%;--awb-width-small:100%;--awb-order-small:0;--awb-spacing-right-small:1.92%;--awb-spacing-left-small:1.92%;\"><div class=\"fusion-column-wrapper fusion-column-has-shadow fusion-flex-justify-content-flex-start fusion-content-layout-column\">Aucun mod\u00e8le de galerie trouv\u00e9\u00a0!<\/div><\/div><\/div><\/div><\/div><div class=\"fusion-fullwidth fullwidth-box fusion-builder-row-3 fusion-flex-container fusion-parallax-none hundred-percent-fullwidth non-hundred-percent-height-scrolling\" style=\"--awb-border-radius-top-left:0px;--awb-border-radius-top-right:0px;--awb-border-radius-bottom-right:0px;--awb-border-radius-bottom-left:0px;--awb-padding-top:6%;--awb-padding-right:18%;--awb-padding-bottom:5%;--awb-padding-left:18%;--awb-background-image:linear-gradient(0deg, rgba(102,169,214,0) 0%,rgba(0,0,0,0.04) 66%),url(http:\/\/elimetalinc.com\/wp-content\/uploads\/2020\/12\/footer.jpg);;--awb-background-size:cover;--awb-flex-wrap:wrap;\" ><div class=\"fusion-builder-row fusion-row fusion-flex-align-items-center fusion-flex-content-wrap\" style=\"width:104% !important;max-width:104% !important;margin-left: calc(-4% \/ 2 );margin-right: calc(-4% \/ 2 );\"><div class=\"fusion-layout-column fusion_builder_column fusion-builder-column-4 fusion_builder_column_2_3 2_3 fusion-flex-column fusion-animated\" style=\"--awb-bg-size:cover;--awb-width-large:66.666666666667%;--awb-margin-top-large:0px;--awb-spacing-right-large:2.88%;--awb-margin-bottom-large:20px;--awb-spacing-left-large:2.88%;--awb-width-medium:66.666666666667%;--awb-spacing-right-medium:2.88%;--awb-spacing-left-medium:2.88%;--awb-width-small:100%;--awb-spacing-right-small:1.92%;--awb-spacing-left-small:1.92%;\" data-animationType=\"fadeInUp\" data-animationDuration=\"1.0\" data-animationOffset=\"top-into-view\"><div class=\"fusion-column-wrapper fusion-column-has-shadow fusion-flex-justify-content-flex-start fusion-content-layout-column\"><div class=\"fusion-title title fusion-title-3 fusion-sep-none fusion-title-text fusion-title-size-three\" style=\"--awb-text-color:#ffffff;--awb-margin-top:0px;--awb-sep-color:#415666;\"><h3 class=\"fusion-title-heading title-heading-left\" style=\"margin:0;\"><p>Nous sommes l\u00e0 pour fournir \u00e0 votre organisation,<br \/>\ndes produits de haute qualit\u00e9 et un service professionnel!<\/p><\/h3><\/div><\/div><\/div><div class=\"fusion-layout-column fusion_builder_column fusion-builder-column-5 fusion_builder_column_1_3 1_3 fusion-flex-column fusion-animated\" style=\"--awb-bg-size:cover;--awb-width-large:33.333333333333%;--awb-margin-top-large:0px;--awb-spacing-right-large:5.76%;--awb-margin-bottom-large:20px;--awb-spacing-left-large:5.76%;--awb-width-medium:33.333333333333%;--awb-spacing-right-medium:5.76%;--awb-spacing-left-medium:5.76%;--awb-width-small:100%;--awb-spacing-right-small:1.92%;--awb-spacing-left-small:1.92%;\" data-animationType=\"fadeInUp\" data-animationDuration=\"1.0\" data-animationOffset=\"top-into-view\"><div class=\"fusion-column-wrapper fusion-column-has-shadow fusion-flex-justify-content-flex-start fusion-content-layout-column\"><div style=\"text-align:center;\"><a class=\"fusion-button button-flat fusion-button-default-size button-default fusion-button-default button-1 fusion-button-default-span fusion-button-default-type\" target=\"_self\" title=\"Contactez-nous pour plus d&#039;informations\" aria-label=\"Contactez-nous pour plus d&#039;informations\" href=\"https:\/\/elimetal.com\/fr\/nous-contacter\/\"><span class=\"fusion-button-text\">Contactez-nous pour plus d&rsquo;informations<\/span><\/a><\/div><\/div><\/div><\/div><\/div>\n<\/p>\n","protected":false},"excerpt":{"rendered":"","protected":false},"author":1,"featured_media":2695,"parent":2308,"menu_order":0,"comment_status":"closed","ping_status":"closed","template":"100-width.php","meta":{"footnotes":""},"class_list":["post-2345","page","type-page","status-publish","has-post-thumbnail","hentry"],"_links":{"self":[{"href":"https:\/\/elimetal.com\/fr\/wp-json\/wp\/v2\/pages\/2345","targetHints":{"allow":["GET"]}}],"collection":[{"href":"https:\/\/elimetal.com\/fr\/wp-json\/wp\/v2\/pages"}],"about":[{"href":"https:\/\/elimetal.com\/fr\/wp-json\/wp\/v2\/types\/page"}],"author":[{"embeddable":true,"href":"https:\/\/elimetal.com\/fr\/wp-json\/wp\/v2\/users\/1"}],"replies":[{"embeddable":true,"href":"https:\/\/elimetal.com\/fr\/wp-json\/wp\/v2\/comments?post=2345"}],"version-history":[{"count":7,"href":"https:\/\/elimetal.com\/fr\/wp-json\/wp\/v2\/pages\/2345\/revisions"}],"predecessor-version":[{"id":2353,"href":"https:\/\/elimetal.com\/fr\/wp-json\/wp\/v2\/pages\/2345\/revisions\/2353"}],"up":[{"embeddable":true,"href":"https:\/\/elimetal.com\/fr\/wp-json\/wp\/v2\/pages\/2308"}],"wp:featuredmedia":[{"embeddable":true,"href":"https:\/\/elimetal.com\/fr\/wp-json\/wp\/v2\/media\/2695"}],"wp:attachment":[{"href":"https:\/\/elimetal.com\/fr\/wp-json\/wp\/v2\/media?parent=2345"}],"curies":[{"name":"wp","href":"https:\/\/api.w.org\/{rel}","templated":true}]}}