{"id":2224,"date":"2021-07-13T18:39:28","date_gmt":"2021-07-13T18:39:28","guid":{"rendered":"http:\/\/elimetalinc.com\/a-propos\/mission-valeurs\/"},"modified":"2021-07-13T18:39:35","modified_gmt":"2021-07-13T18:39:35","slug":"mission-valeurs","status":"publish","type":"page","link":"https:\/\/elimetal.com\/fr\/about-us\/mission-valeurs\/","title":{"rendered":"Mission &amp; Valeurs"},"content":{"rendered":"<p><div class=\"fusion-fullwidth fullwidth-box fusion-builder-row-1 fusion-flex-container fusion-parallax-none nonhundred-percent-fullwidth non-hundred-percent-height-scrolling\" style=\"--awb-border-radius-top-left:0px;--awb-border-radius-top-right:0px;--awb-border-radius-bottom-right:0px;--awb-border-radius-bottom-left:0px;--awb-padding-top:7%;--awb-padding-bottom:7%;--awb-background-image:linear-gradient(180deg, #ffffff 0%,rgba(255,255,255,0) 100%),url(https:\/\/elimetal.com\/wp-content\/uploads\/2021\/02\/banner-mission.jpg);;--awb-background-size:cover;--awb-flex-wrap:wrap;\" ><div class=\"fusion-builder-row fusion-row fusion-flex-align-items-stretch fusion-flex-content-wrap\" style=\"max-width:1300px;margin-left: calc(-4% \/ 2 );margin-right: calc(-4% \/ 2 );\"><div class=\"fusion-layout-column fusion_builder_column fusion-builder-column-0 fusion_builder_column_2_3 2_3 fusion-flex-column fusion-no-small-visibility fusion-no-medium-visibility fusion-animated\" style=\"--awb-bg-size:cover;--awb-width-large:66.666666666667%;--awb-margin-top-large:0px;--awb-spacing-right-large:2.88%;--awb-margin-bottom-large:20px;--awb-spacing-left-large:2.88%;--awb-width-medium:66.666666666667%;--awb-spacing-right-medium:2.88%;--awb-spacing-left-medium:2.88%;--awb-width-small:100%;--awb-spacing-right-small:1.92%;--awb-spacing-left-small:1.92%;\" data-animationType=\"fadeInLeft\" data-animationDuration=\"1.0\" data-animationOffset=\"top-into-view\"><div class=\"fusion-column-wrapper fusion-column-has-shadow fusion-flex-justify-content-flex-start fusion-content-layout-column\"><div class=\"fusion-title title fusion-title-1 fusion-sep-none fusion-title-text fusion-title-size-one\"><h1 class=\"fusion-title-heading title-heading-left\" style=\"margin:0;\">Mission &amp; Valeurs<\/h1><\/div><\/div><\/div><div class=\"fusion-layout-column fusion_builder_column fusion-builder-column-1 fusion_builder_column_2_3 2_3 fusion-flex-column fusion-no-large-visibility fusion-animated\" style=\"--awb-bg-size:cover;--awb-width-large:66.666666666667%;--awb-margin-top-large:0px;--awb-spacing-right-large:2.88%;--awb-margin-bottom-large:20px;--awb-spacing-left-large:2.88%;--awb-width-medium:66.666666666667%;--awb-spacing-right-medium:2.88%;--awb-spacing-left-medium:2.88%;--awb-width-small:100%;--awb-spacing-right-small:1.92%;--awb-spacing-left-small:1.92%;\" data-animationType=\"fadeInUp\" data-animationDuration=\"1.0\" data-animationOffset=\"top-into-view\"><div class=\"fusion-column-wrapper fusion-column-has-shadow fusion-flex-justify-content-flex-start fusion-content-layout-column\"><div class=\"fusion-title title fusion-title-2 fusion-sep-none fusion-title-center fusion-title-text fusion-title-size-one\"><h1 class=\"fusion-title-heading title-heading-center\" style=\"margin:0;\">Mission &amp; Valeurs<\/h1><\/div><\/div><\/div><\/div><\/div>\n<div class=\"fusion-fullwidth fullwidth-box fusion-builder-row-2 fusion-flex-container nonhundred-percent-fullwidth non-hundred-percent-height-scrolling\" style=\"--awb-border-radius-top-left:0px;--awb-border-radius-top-right:0px;--awb-border-radius-bottom-right:0px;--awb-border-radius-bottom-left:0px;--awb-padding-top:30px;--awb-background-color:#ffffff;--awb-flex-wrap:wrap;\" ><div class=\"fusion-builder-row fusion-row fusion-flex-align-items-flex-start fusion-flex-justify-content-center fusion-flex-content-wrap\" style=\"max-width:calc( 1250px + 0px );margin-left: calc(-0px \/ 2 );margin-right: calc(-0px \/ 2 );\"><div class=\"fusion-layout-column fusion_builder_column fusion-builder-column-2 fusion_builder_column_2_3 2_3 fusion-flex-column\" style=\"--awb-bg-size:cover;--awb-width-large:66.666666666667%;--awb-margin-top-large:20px;--awb-spacing-right-large:calc( 0.03 * calc( 100% - 0px ) );--awb-margin-bottom-large:40px;--awb-spacing-left-large:0px;--awb-width-medium:66.666666666667%;--awb-order-medium:0;--awb-spacing-right-medium:calc( 0.03 * calc( 100% - 0px ) );--awb-spacing-left-medium:0px;--awb-width-small:100%;--awb-order-small:0;--awb-spacing-right-small:0px;--awb-spacing-left-small:0px;\"><div class=\"fusion-column-wrapper fusion-column-has-shadow fusion-flex-justify-content-flex-start fusion-content-layout-column\"><div class=\"fusion-text fusion-text-1\"><p>Notre <strong>MISSION<\/strong> est de fournir avec fiert\u00e9 des solutions d&rsquo;usinage haut de gamme de classe mondiale aux industries de l&rsquo;a\u00e9rospatiale et de l&rsquo;\u00e9nergie gr\u00e2ce \u00e0 notre \u00e9quipe engag\u00e9e, ainsi qu&rsquo;\u00e0 travers notre technologie innovante et diversifi\u00e9e.<\/p>\n<p>Notre<strong>VISION<\/strong> est de devenir le fournisseur de premier choix de nos clients et de devenir un leader du march\u00e9 des services aux industries de l&rsquo;a\u00e9rospatiale, de la d\u00e9fense et de l&rsquo;\u00e9nergie gr\u00e2ce \u00e0 notre marque et \u00e0 l&rsquo;engagement de nos employ\u00e9s.<\/p>\n<p><strong>ELIMETAL<\/strong> r\u00e9alisera cette vision en ; comprendre activement les besoins de l&rsquo;industrie a\u00e9rospatiale, \u00eatre \u00e0 l&rsquo;\u00e9coute des besoins de la client\u00e8le, \u00eatre \u00e0 l&rsquo;aff\u00fbt des nouvelles tendances et poursuivre notre politique de r\u00e9investissement en R&amp;D et en formation de la main-d&rsquo;\u0153uvre. Il sera \u00e9galement atteint gr\u00e2ce \u00e0 une philosophie bas\u00e9e sur un ensemble de valeurs et de principes partag\u00e9s par les membres de l&rsquo;\u00e9quipe <strong>ELIMETAL<\/strong> et \u00e0 partir desquels des politiques, proc\u00e9dures et processus sont d\u00e9velopp\u00e9s.<\/p>\n<\/div><\/div><\/div><div class=\"fusion-layout-column fusion_builder_column fusion-builder-column-3 fusion_builder_column_1_3 1_3 fusion-flex-column fusion-flex-align-self-center fusion-animated\" style=\"--awb-overflow:hidden;--awb-bg-color:#009fe3;--awb-bg-color-hover:#009fe3;--awb-bg-position:center center;--awb-bg-blend:overlay;--awb-bg-size:cover;--awb-border-color:rgba(166,168,170,0);--awb-border-top:1px;--awb-border-right:1px;--awb-border-bottom:1px;--awb-border-left:1px;--awb-border-style:solid;--awb-border-radius:20px 20px 20px 20px;--awb-width-large:33.333333333333%;--awb-margin-top-large:0px;--awb-spacing-right-large:0px;--awb-margin-bottom-large:20px;--awb-spacing-left-large:0px;--awb-width-medium:33.333333333333%;--awb-order-medium:0;--awb-spacing-right-medium:0px;--awb-spacing-left-medium:0px;--awb-width-small:100%;--awb-order-small:0;--awb-spacing-right-small:0px;--awb-spacing-left-small:0px;\" data-animationType=\"fadeInRight\" data-animationDuration=\"0.8\" data-animationOffset=\"top-into-view\"><div class=\"fusion-column-wrapper fusion-column-has-shadow fusion-flex-justify-content-center fusion-content-layout-column\"><div class=\"fusion-separator fusion-full-width-sep\" style=\"align-self: center;margin-left: auto;margin-right: auto;margin-top:10px;margin-bottom:2px;width:100%;\"><\/div><div class=\"fusion-content-boxes content-boxes columns row fusion-columns-1 fusion-columns-total-1 fusion-content-boxes-1 content-boxes-clean-vertical content-left content-boxes-icon-on-top\" style=\"--awb-body-color:#ffffff;--awb-title-color:#ffffff;--awb-iconcolor:#ffffff;--awb-margin-bottom:0px;--awb-hover-accent-color:#ffffff;--awb-circle-hover-accent-color:transparent;--awb-item-margin-bottom:40px;\" data-animationOffset=\"top-into-view\"><div style=\"--awb-backgroundcolor:rgba(255,255,255,0);--awb-iconcolor:#ffffff;border-color:rgba(255,255,255,0);\" class=\"fusion-column content-box-column content-box-column content-box-column-1 col-lg-12 col-md-12 col-sm-12 fusion-content-box-hover content-box-column-last content-box-column-last-in-row\"><div class=\"col content-box-wrapper content-wrapper link-area-link-icon content-icon-wrapper-yes icon-hover-animation-slide\" data-animationOffset=\"top-into-view\"><div class=\"heading heading-with-icon icon-left\"><div class=\"icon\"><span ><i style=\"background-color:transparent;border-color:transparent;height:auto;width: 20px;line-height:normal;font-size:20px;\" aria-hidden=\"true\" class=\"fontawesome-icon fa-clipboard-check fas circle-no\"><\/i><\/span><\/div><h2 class=\"content-box-heading\" style=\"--h2_typography-font-size:24px;line-height:29px;\">Nos valeurs et principes<\/h2><\/div><div class=\"fusion-clearfix\"><\/div><div class=\"content-container\">\n<p>dicter nos comportements, nos orientations, nos actions et nos d\u00e9cisions, qui \u00e0 leur tour seront d\u00e9ploy\u00e9es pour r\u00e9aliser notre mission, notre vision et nos objectifs.<\/p>\n<\/div><\/div><\/div><div class=\"fusion-clearfix\"><\/div><\/div><\/div><\/div><\/div><\/div><div class=\"fusion-fullwidth fullwidth-box fusion-builder-row-3 fusion-flex-container nonhundred-percent-fullwidth non-hundred-percent-height-scrolling\" style=\"--awb-background-position:center bottom;--awb-border-radius-top-left:0px;--awb-border-radius-top-right:0px;--awb-border-radius-bottom-right:0px;--awb-border-radius-bottom-left:0px;--awb-padding-top:80px;--awb-padding-bottom:60px;--awb-background-color:rgba(166,168,170,0.21);--awb-flex-wrap:wrap;\" ><div class=\"fusion-builder-row fusion-row fusion-flex-align-items-stretch fusion-flex-content-wrap\" style=\"max-width:1300px;margin-left: calc(-4% \/ 2 );margin-right: calc(-4% \/ 2 );\"><div class=\"fusion-layout-column fusion_builder_column fusion-builder-column-4 fusion_builder_column_1_1 1_1 fusion-flex-column\" style=\"--awb-bg-size:cover;--awb-width-large:100%;--awb-margin-top-large:0px;--awb-spacing-right-large:1.92%;--awb-margin-bottom-large:20px;--awb-spacing-left-large:1.92%;--awb-width-medium:100%;--awb-order-medium:0;--awb-spacing-right-medium:1.92%;--awb-spacing-left-medium:1.92%;--awb-width-small:100%;--awb-order-small:0;--awb-spacing-right-small:1.92%;--awb-spacing-left-small:1.92%;\"><div class=\"fusion-column-wrapper fusion-column-has-shadow fusion-flex-justify-content-center fusion-content-layout-column\"><div class=\"fusion-title title fusion-title-3 fusion-sep-none fusion-title-text fusion-title-size-two\"><h2 class=\"fusion-title-heading title-heading-left\" style=\"margin:0;\"><strong><span style=\"color: #333645;\">Notre Code de Valeurs<\/span><\/strong><\/h2><\/div><div class=\"fusion-separator\" style=\"align-self: flex-start;margin-right:auto;margin-top:16px;margin-bottom:36px;width:100%;max-width:24%;\"><div class=\"fusion-separator-border sep-double\" style=\"--awb-height:20px;--awb-amount:20px;border-color:#e2e2e2;border-top-width:2px;border-bottom-width:2px;\"><\/div><\/div><ul style=\"--awb-size:17px;--awb-line-height:28.9px;--awb-icon-width:28.9px;--awb-icon-height:28.9px;--awb-icon-margin:11.9px;--awb-content-margin:40.8px;\" class=\"fusion-checklist fusion-checklist-1 fusion-checklist-default type-icons\"><li class=\"fusion-li-item\" style=\"\"><span class=\"icon-wrapper circle-no\"><i class=\"fusion-li-icon fa-check fas\" aria-hidden=\"true\"><\/i><\/span><div class=\"fusion-li-item-content\">\n<p><strong>Respect<\/strong><\/p>\n<ul>\n<li>Toute personne employ\u00e9e par <strong>ELIMETAL<\/strong> est trait\u00e9e comme une fin en soi et est au centre des pr\u00e9occupations de l&rsquo;entreprise.<\/li>\n<li>Tous doivent contribuer au maintien d&rsquo;un environnement de travail sain et respectueux.<\/li>\n<li>Le respect s&rsquo;exprime par la politesse, la courtoisie dans les relations interpersonnelles.<\/li>\n<li>La pratique de la courtoisie et de la politesse envers les individus permet de maintenir et de d\u00e9velopper un environnement de travail dynamique et stimulant, ouvert au changement et \u00e0 la recherche du bien-\u00eatre.<\/li>\n<li>Le respect s&rsquo;exprime \u00e9galement par la consid\u00e9ration accord\u00e9e \u00e0 l&rsquo;entreprise, \u00e0 ses clients, fournisseurs et autres partenaires.<\/li>\n<\/ul>\n<\/div><\/li><li class=\"fusion-li-item\" style=\"\"><span class=\"icon-wrapper circle-no\"><i class=\"fusion-li-icon fa-check fas\" aria-hidden=\"true\"><\/i><\/span><div class=\"fusion-li-item-content\">\n<p><strong>Innovation<\/strong><strong><\/strong><\/p>\n<ul>\n<li>L&rsquo;innovation repr\u00e9sente la mise en \u0153uvre de nouvelles id\u00e9es.<\/li>\n<li>Il incarne la volont\u00e9 et la puissance cr\u00e9atrice de l&rsquo;entreprise et caract\u00e9rise sa volont\u00e9 d&rsquo;\u00eatre pr\u00e9curseur.<\/li>\n<li><strong>ELIMETAL<\/strong> consid\u00e8re que tout son personnel a la capacit\u00e9 de penser diff\u00e9remment, d&rsquo;audace et de praticit\u00e9 car il repr\u00e9sente une source majeure d&rsquo;avantage concurrentiel.<\/li>\n<\/ul>\n<\/div><\/li><li class=\"fusion-li-item\" style=\"\"><span class=\"icon-wrapper circle-no\"><i class=\"fusion-li-icon fa-check fas\" aria-hidden=\"true\"><\/i><\/span><div class=\"fusion-li-item-content\">\n<p><strong>Qualit\u00e9<\/strong><\/p>\n<ul>\n<li>Le mot qualit\u00e9 est sans doute l&rsquo;un des mots les plus utilis\u00e9s dans l&rsquo;entreprise.<\/li>\n<li>Elle incarne la foi dans le progr\u00e8s par l&rsquo;effort de chacun pour le bien de tous.<\/li>\n<li>Il fait r\u00e9f\u00e9rence \u00e0 un niveau de finition et de perfection dans l&rsquo;ex\u00e9cution de nos produits et services.<\/li>\n<li>La qualit\u00e9, en tant que valeur, exige que chacun s&rsquo;am\u00e9liore pour les autres.<\/li>\n<\/ul>\n<\/div><\/li><li class=\"fusion-li-item\" style=\"\"><span class=\"icon-wrapper circle-no\"><i class=\"fusion-li-icon fa-check fas\" aria-hidden=\"true\"><\/i><\/span><div class=\"fusion-li-item-content\">\n<p><strong>Am\u00e9lioration Continue<\/strong><\/p>\n<ul>\n<li>Continuellement au recherche d\u2019am\u00e9liorer les processus, les proc\u00e9dures et les m\u00e9thodes de travail pour augmenter la qualit\u00e9 et l&rsquo;efficacit\u00e9 des syst\u00e8mes existants.<\/li>\n<li>Elle suit comme principe la th\u00e9orie des petits pas, visant une progression constante et r\u00e9guli\u00e8re, ce qui n&rsquo;exclut pas des avanc\u00e9es spectaculaires (perc\u00e9es).<\/li>\n<\/ul>\n<\/div><\/li><li class=\"fusion-li-item\" style=\"\"><span class=\"icon-wrapper circle-no\"><i class=\"fusion-li-icon fa-check fas\" aria-hidden=\"true\"><\/i><\/span><div class=\"fusion-li-item-content\">\n<p><strong>Rigueur<\/strong><strong><\/strong><\/p>\n<ul>\n<li>ELIMETAL vise \u00e0 se diff\u00e9rencier de ses concurrents par sa rigueur ; \u00e0 la fois \u00e0 l&rsquo;usine et au bureau, les membres de l&rsquo;\u00e9quipe sachant l&rsquo;importance d&rsquo;\u00eatre disciplin\u00e9s et constants dans leurs efforts.<\/li>\n<li>La rigueur se manifeste par la capacit\u00e9 de suivre une proc\u00e9dure, un processus ou un plan de projet et une attention constante aux d\u00e9tails.<\/li>\n<li>Il a \u00e9galement la capacit\u00e9 de d\u00e9tecter des erreurs ou des am\u00e9liorations qui peuvent \u00eatre apport\u00e9es \u00e0 notre travail ou \u00e0 celui de nos coll\u00e8gues.<\/li>\n<\/ul>\n<\/div><\/li><\/ul><\/div><\/div><\/div><\/div><div class=\"fusion-fullwidth fullwidth-box fusion-builder-row-4 fusion-flex-container fusion-parallax-none hundred-percent-fullwidth non-hundred-percent-height-scrolling\" style=\"--awb-border-radius-top-left:0px;--awb-border-radius-top-right:0px;--awb-border-radius-bottom-right:0px;--awb-border-radius-bottom-left:0px;--awb-padding-top:6%;--awb-padding-right:18%;--awb-padding-bottom:5%;--awb-padding-left:18%;--awb-background-image:linear-gradient(0deg, rgba(102,169,214,0) 0%,rgba(0,0,0,0.04) 66%),url(http:\/\/elimetalinc.com\/wp-content\/uploads\/2020\/12\/footer.jpg);;--awb-background-size:cover;--awb-flex-wrap:wrap;\" ><div class=\"fusion-builder-row fusion-row fusion-flex-align-items-center fusion-flex-content-wrap\" style=\"width:104% !important;max-width:104% !important;margin-left: calc(-4% \/ 2 );margin-right: calc(-4% \/ 2 );\"><div class=\"fusion-layout-column fusion_builder_column fusion-builder-column-5 fusion_builder_column_2_3 2_3 fusion-flex-column fusion-animated\" style=\"--awb-bg-size:cover;--awb-width-large:66.666666666667%;--awb-margin-top-large:0px;--awb-spacing-right-large:2.88%;--awb-margin-bottom-large:20px;--awb-spacing-left-large:2.88%;--awb-width-medium:66.666666666667%;--awb-spacing-right-medium:2.88%;--awb-spacing-left-medium:2.88%;--awb-width-small:100%;--awb-spacing-right-small:1.92%;--awb-spacing-left-small:1.92%;\" data-animationType=\"fadeInUp\" data-animationDuration=\"1.0\" data-animationOffset=\"top-into-view\"><div class=\"fusion-column-wrapper fusion-column-has-shadow fusion-flex-justify-content-flex-start fusion-content-layout-column\"><div class=\"fusion-title title fusion-title-4 fusion-sep-none fusion-title-text fusion-title-size-three\" style=\"--awb-text-color:#ffffff;--awb-margin-top:0px;--awb-sep-color:#415666;\"><h3 class=\"fusion-title-heading title-heading-left\" style=\"margin:0;\"><p>Nous sommes l\u00e0 pour fournir \u00e0 votre organisation,<br \/>\ndes produits de haute qualit\u00e9 et un service professionnel!<\/p><\/h3><\/div><\/div><\/div><div class=\"fusion-layout-column fusion_builder_column fusion-builder-column-6 fusion_builder_column_1_3 1_3 fusion-flex-column fusion-animated\" style=\"--awb-bg-size:cover;--awb-width-large:33.333333333333%;--awb-margin-top-large:0px;--awb-spacing-right-large:5.76%;--awb-margin-bottom-large:20px;--awb-spacing-left-large:5.76%;--awb-width-medium:33.333333333333%;--awb-spacing-right-medium:5.76%;--awb-spacing-left-medium:5.76%;--awb-width-small:100%;--awb-spacing-right-small:1.92%;--awb-spacing-left-small:1.92%;\" data-animationType=\"fadeInUp\" data-animationDuration=\"1.0\" data-animationOffset=\"top-into-view\"><div class=\"fusion-column-wrapper fusion-column-has-shadow fusion-flex-justify-content-flex-start fusion-content-layout-column\"><div style=\"text-align:center;\"><a class=\"fusion-button button-flat fusion-button-default-size button-default fusion-button-default button-1 fusion-button-default-span fusion-button-default-type\" target=\"_self\" title=\"Contactez-nous pour plus d&#039;informations\" aria-label=\"Contactez-nous pour plus d&#039;informations\" href=\"https:\/\/elimetal.com\/fr\/nous-contacter\/\"><span class=\"fusion-button-text\">Contactez-nous pour plus d&rsquo;informations<\/span><\/a><\/div><\/div><\/div><\/div><\/div>\n<\/p>\n","protected":false},"excerpt":{"rendered":"","protected":false},"author":1,"featured_media":2640,"parent":2197,"menu_order":0,"comment_status":"closed","ping_status":"closed","template":"100-width.php","meta":{"footnotes":""},"class_list":["post-2224","page","type-page","status-publish","has-post-thumbnail","hentry"],"_links":{"self":[{"href":"https:\/\/elimetal.com\/fr\/wp-json\/wp\/v2\/pages\/2224","targetHints":{"allow":["GET"]}}],"collection":[{"href":"https:\/\/elimetal.com\/fr\/wp-json\/wp\/v2\/pages"}],"about":[{"href":"https:\/\/elimetal.com\/fr\/wp-json\/wp\/v2\/types\/page"}],"author":[{"embeddable":true,"href":"https:\/\/elimetal.com\/fr\/wp-json\/wp\/v2\/users\/1"}],"replies":[{"embeddable":true,"href":"https:\/\/elimetal.com\/fr\/wp-json\/wp\/v2\/comments?post=2224"}],"version-history":[{"count":8,"href":"https:\/\/elimetal.com\/fr\/wp-json\/wp\/v2\/pages\/2224\/revisions"}],"predecessor-version":[{"id":2232,"href":"https:\/\/elimetal.com\/fr\/wp-json\/wp\/v2\/pages\/2224\/revisions\/2232"}],"up":[{"embeddable":true,"href":"https:\/\/elimetal.com\/fr\/wp-json\/wp\/v2\/pages\/2197"}],"wp:featuredmedia":[{"embeddable":true,"href":"https:\/\/elimetal.com\/fr\/wp-json\/wp\/v2\/media\/2640"}],"wp:attachment":[{"href":"https:\/\/elimetal.com\/fr\/wp-json\/wp\/v2\/media?parent=2224"}],"curies":[{"name":"wp","href":"https:\/\/api.w.org\/{rel}","templated":true}]}}