{"id":2221,"date":"2021-07-13T18:31:52","date_gmt":"2021-07-13T18:31:52","guid":{"rendered":"http:\/\/elimetalinc.com\/a-propos\/nos-fournisseurs\/"},"modified":"2021-07-13T18:31:53","modified_gmt":"2021-07-13T18:31:53","slug":"nos-fournisseurs","status":"publish","type":"page","link":"https:\/\/elimetal.com\/fr\/about-us\/nos-fournisseurs\/","title":{"rendered":"Nos fournisseurs"},"content":{"rendered":"<p><div class=\"fusion-fullwidth fullwidth-box fusion-builder-row-1 fusion-flex-container fusion-parallax-none nonhundred-percent-fullwidth non-hundred-percent-height-scrolling\" style=\"--awb-border-radius-top-left:0px;--awb-border-radius-top-right:0px;--awb-border-radius-bottom-right:0px;--awb-border-radius-bottom-left:0px;--awb-padding-top:7%;--awb-padding-bottom:7%;--awb-background-image:linear-gradient(180deg, #ffffff 0%,rgba(255,255,255,0) 100%),url(https:\/\/elimetal.com\/wp-content\/uploads\/2021\/02\/banner-mill-turn.jpg);;--awb-background-size:cover;--awb-flex-wrap:wrap;\" ><div class=\"fusion-builder-row fusion-row fusion-flex-align-items-stretch fusion-flex-content-wrap\" style=\"max-width:1300px;margin-left: calc(-4% \/ 2 );margin-right: calc(-4% \/ 2 );\"><div class=\"fusion-layout-column fusion_builder_column fusion-builder-column-0 fusion_builder_column_2_3 2_3 fusion-flex-column fusion-no-small-visibility fusion-no-medium-visibility fusion-animated\" style=\"--awb-bg-size:cover;--awb-width-large:66.666666666667%;--awb-margin-top-large:0px;--awb-spacing-right-large:2.88%;--awb-margin-bottom-large:20px;--awb-spacing-left-large:2.88%;--awb-width-medium:66.666666666667%;--awb-spacing-right-medium:2.88%;--awb-spacing-left-medium:2.88%;--awb-width-small:100%;--awb-spacing-right-small:1.92%;--awb-spacing-left-small:1.92%;\" data-animationType=\"fadeInLeft\" data-animationDuration=\"1.0\" data-animationOffset=\"top-into-view\"><div class=\"fusion-column-wrapper fusion-column-has-shadow fusion-flex-justify-content-flex-start fusion-content-layout-column\"><div class=\"fusion-title title fusion-title-1 fusion-sep-none fusion-title-text fusion-title-size-one\"><h1 class=\"fusion-title-heading title-heading-left\" style=\"margin:0;\">Nos fournisseurs<\/h1><\/div><\/div><\/div><div class=\"fusion-layout-column fusion_builder_column fusion-builder-column-1 fusion_builder_column_2_3 2_3 fusion-flex-column fusion-no-large-visibility fusion-animated\" style=\"--awb-bg-size:cover;--awb-width-large:66.666666666667%;--awb-margin-top-large:0px;--awb-spacing-right-large:2.88%;--awb-margin-bottom-large:20px;--awb-spacing-left-large:2.88%;--awb-width-medium:66.666666666667%;--awb-spacing-right-medium:2.88%;--awb-spacing-left-medium:2.88%;--awb-width-small:100%;--awb-spacing-right-small:1.92%;--awb-spacing-left-small:1.92%;\" data-animationType=\"fadeInUp\" data-animationDuration=\"1.0\" data-animationOffset=\"top-into-view\"><div class=\"fusion-column-wrapper fusion-column-has-shadow fusion-flex-justify-content-flex-start fusion-content-layout-column\"><div class=\"fusion-title title fusion-title-2 fusion-sep-none fusion-title-center fusion-title-text fusion-title-size-one\"><h1 class=\"fusion-title-heading title-heading-center\" style=\"margin:0;\">Nos fournisseurs<\/h1><\/div><\/div><\/div><\/div><\/div>\n<div class=\"fusion-fullwidth fullwidth-box fusion-builder-row-2 fusion-flex-container nonhundred-percent-fullwidth non-hundred-percent-height-scrolling\" style=\"--awb-background-position:center bottom;--awb-border-radius-top-left:0px;--awb-border-radius-top-right:0px;--awb-border-radius-bottom-right:0px;--awb-border-radius-bottom-left:0px;--awb-padding-top:80px;--awb-padding-bottom:60px;--awb-flex-wrap:wrap;\" ><div class=\"fusion-builder-row fusion-row fusion-flex-align-items-stretch fusion-flex-content-wrap\" style=\"max-width:1300px;margin-left: calc(-4% \/ 2 );margin-right: calc(-4% \/ 2 );\"><div class=\"fusion-layout-column fusion_builder_column fusion-builder-column-2 fusion_builder_column_1_1 1_1 fusion-flex-column\" style=\"--awb-bg-size:cover;--awb-width-large:100%;--awb-margin-top-large:0px;--awb-spacing-right-large:1.92%;--awb-margin-bottom-large:20px;--awb-spacing-left-large:1.92%;--awb-width-medium:100%;--awb-order-medium:0;--awb-spacing-right-medium:1.92%;--awb-spacing-left-medium:1.92%;--awb-width-small:100%;--awb-order-small:0;--awb-spacing-right-small:1.92%;--awb-spacing-left-small:1.92%;\"><div class=\"fusion-column-wrapper fusion-column-has-shadow fusion-flex-justify-content-center fusion-content-layout-column\"><div class=\"fusion-text fusion-text-1\"><p>Elimetal Inc. a \u00e9tabli des relations solides avec sa base d&rsquo;approvisionnement, en particulier en ce qui concerne les fournisseurs de mati\u00e8res premi\u00e8res et les processus sp\u00e9ciaux.<\/p>\n<p>Heat Treat, Nital Etch, MPI, Shot Peen, HVOF &amp; Grind, Chromic Anodize, Hard Anodize, FPI, Zinc Nickel, Anodize, Prime and Paint sont facilement disponibles \u00e0 Montr\u00e9al ou dans les environs.<\/p>\n<\/div><div class=\"fusion-text fusion-text-2\"><h3><strong>Code d&rsquo;\u00e9thique de la cha\u00eene d&rsquo;approvisionnement<\/strong><\/h3>\n<p><strong>Elimetal Inc.<\/strong> est fier de ne traiter qu&rsquo;avec des fournisseurs qui respectent la politique stricte de l&rsquo;entreprise en mati\u00e8re de fournisseurs, comme indiqu\u00e9 ci-dessous :<\/p>\n<\/div><div class=\"accordian fusion-accordian\" style=\"--awb-border-size:1px;--awb-icon-size:16px;--awb-content-font-size:var(--awb-typography4-font-size);--awb-icon-alignment:left;--awb-hover-color:#f9f9fb;--awb-border-color:#e2e2e2;--awb-background-color:#ffffff;--awb-divider-color:var(--awb-color3);--awb-divider-hover-color:var(--awb-color3);--awb-icon-color:#ffffff;--awb-title-color:var(--awb-color8);--awb-content-color:var(--awb-color8);--awb-icon-box-color:#212934;--awb-toggle-hover-accent-color:#009fe3;--awb-title-font-family:var(--awb-typography1-font-family);--awb-title-font-weight:var(--awb-typography1-font-weight);--awb-title-font-style:var(--awb-typography1-font-style);--awb-title-font-size:16px;--awb-title-line-height:1.36;--awb-content-font-family:var(--awb-typography4-font-family);--awb-content-font-weight:var(--awb-typography4-font-weight);--awb-content-font-style:var(--awb-typography4-font-style);\"><div class=\"panel-group fusion-toggle-icon-boxed\" id=\"accordion-2221-1\"><div class=\"fusion-panel panel-default panel-161ec49f0ba0ab1d0 fusion-toggle-no-divider fusion-toggle-boxed-mode\"><div class=\"panel-heading\"><h4 class=\"panel-title toggle\" id=\"toggle_161ec49f0ba0ab1d0\"><a aria-expanded=\"false\" aria-controls=\"161ec49f0ba0ab1d0\" role=\"button\" data-toggle=\"collapse\" data-target=\"#161ec49f0ba0ab1d0\" href=\"#161ec49f0ba0ab1d0\"><span class=\"fusion-toggle-icon-wrapper\" aria-hidden=\"true\"><i class=\"fa-fusion-box active-icon awb-icon-minus\" aria-hidden=\"true\"><\/i><i class=\"fa-fusion-box inactive-icon awb-icon-plus\" aria-hidden=\"true\"><\/i><\/span><span class=\"fusion-toggle-heading\">Discrimination<\/span><\/a><\/h4><\/div><div id=\"161ec49f0ba0ab1d0\" class=\"panel-collapse collapse \" aria-labelledby=\"toggle_161ec49f0ba0ab1d0\"><div class=\"panel-body toggle-content fusion-clearfix\">\n<ul>\n<li>Le fournisseur se consacrera \u00e0 une main-d&rsquo;\u0153uvre exempte de harc\u00e8lement et de discrimination ill\u00e9gale.<\/li>\n<li>Le fournisseur ne s&rsquo;engagera pas dans la discrimination dans les pratiques d&#8217;embauche et d&#8217;emploi, telles que la r\u00e9mun\u00e9ration, l&rsquo;acc\u00e8s \u00e0 la formation, la promotion, le licenciement ou la retraite en fonction de la race, de la couleur, de la religion, de l&rsquo;\u00e2ge, du sexe, du genre, de la grossesse, de l&rsquo;\u00e9tat matrimonial, de l&rsquo;orientation sexuelle, de l&rsquo;identit\u00e9 de genre et expression, origine nationale, statut de citoyennet\u00e9, handicap, statut de v\u00e9t\u00e9ran ou toute autre classification prot\u00e9g\u00e9e par les lois ou r\u00e8glements applicables.<\/li>\n<\/ul>\n<\/div><\/div><\/div><div class=\"fusion-panel panel-default panel-abcc5afff68c34cca fusion-toggle-no-divider fusion-toggle-boxed-mode\"><div class=\"panel-heading\"><h4 class=\"panel-title toggle\" id=\"toggle_abcc5afff68c34cca\"><a aria-expanded=\"false\" aria-controls=\"abcc5afff68c34cca\" role=\"button\" data-toggle=\"collapse\" data-target=\"#abcc5afff68c34cca\" href=\"#abcc5afff68c34cca\"><span class=\"fusion-toggle-icon-wrapper\" aria-hidden=\"true\"><i class=\"fa-fusion-box active-icon awb-icon-minus\" aria-hidden=\"true\"><\/i><i class=\"fa-fusion-box inactive-icon awb-icon-plus\" aria-hidden=\"true\"><\/i><\/span><span class=\"fusion-toggle-heading\">Anti-corruption et anti-corruption<\/span><\/a><\/h4><\/div><div id=\"abcc5afff68c34cca\" class=\"panel-collapse collapse \" aria-labelledby=\"toggle_abcc5afff68c34cca\"><div class=\"panel-body toggle-content fusion-clearfix\">\n<ul>\n<li>Le Fournisseur se conformera \u00e0 tout moment \u00e0 toutes les lois anti-corruption pertinentes.<\/li>\n<li>Le Fournisseur n&rsquo;acceptera, n&rsquo;offrira, ne promettra pas, ne paiera, n&rsquo;autorisera ou n&rsquo;autorisera aucun des \u00e9l\u00e9ments suivants ; pots-de-vin, paiements de facilitation, contributions politiques ill\u00e9gales, argent, biens, services, divertissement, emploi, contrats ou autres choses de valeur, afin d&rsquo;obtenir ou de conserver un avantage indu.<\/li>\n<li>Le Fournisseur s&rsquo;assurera que ses dossiers commerciaux et toutes les demandes de paiement refl\u00e8tent pleinement et pr\u00e9cis\u00e9ment les transactions, les d\u00e9penses et\/ou les services fournis.<\/li>\n<\/ul>\n<\/div><\/div><\/div><div class=\"fusion-panel panel-default panel-6a67af14701c7b788 fusion-toggle-no-divider fusion-toggle-boxed-mode\"><div class=\"panel-heading\"><h4 class=\"panel-title toggle\" id=\"toggle_6a67af14701c7b788\"><a aria-expanded=\"false\" aria-controls=\"6a67af14701c7b788\" role=\"button\" data-toggle=\"collapse\" data-target=\"#6a67af14701c7b788\" href=\"#6a67af14701c7b788\"><span class=\"fusion-toggle-icon-wrapper\" aria-hidden=\"true\"><i class=\"fa-fusion-box active-icon awb-icon-minus\" aria-hidden=\"true\"><\/i><i class=\"fa-fusion-box inactive-icon awb-icon-plus\" aria-hidden=\"true\"><\/i><\/span><span class=\"fusion-toggle-heading\">Environnement<\/span><\/a><\/h4><\/div><div id=\"6a67af14701c7b788\" class=\"panel-collapse collapse \" aria-labelledby=\"toggle_6a67af14701c7b788\"><div class=\"panel-body toggle-content fusion-clearfix\">\n<ul>\n<li>Le Fournisseur fournira, sur demande, \u00e0 Elimetal la preuve qu&rsquo;il a mis en \u0153uvre ou travaille \u00e0 la mise en \u0153uvre d&rsquo;un programme environnemental et\/ou d&rsquo;une politique environnementale. En l&rsquo;absence de telles preuves;<\/li>\n<li>Le fournisseur doit fournir une d\u00e9claration d\u00e9crivant sa position actuelle en mati\u00e8re d&rsquo;environnement.<\/li>\n<li>Le fournisseur doit op\u00e9rer d&rsquo;une mani\u00e8re conforme aux lois et r\u00e9glementations environnementales applicables. La conformit\u00e9 inclura, mais sans s&rsquo;y limiter, l&rsquo;air, l&rsquo;eau, les d\u00e9chets solides et les d\u00e9chets dangereux.<\/li>\n<\/ul>\n<\/div><\/div><\/div><\/div><\/div><\/div><\/div><\/div><\/div><div class=\"fusion-fullwidth fullwidth-box fusion-builder-row-3 fusion-flex-container fusion-parallax-none hundred-percent-fullwidth non-hundred-percent-height-scrolling\" style=\"--awb-border-radius-top-left:0px;--awb-border-radius-top-right:0px;--awb-border-radius-bottom-right:0px;--awb-border-radius-bottom-left:0px;--awb-padding-top:6%;--awb-padding-bottom:5%;--awb-background-image:linear-gradient(0deg, rgba(102,169,214,0) 0%,rgba(0,0,0,0.04) 66%),url(http:\/\/elimetalinc.com\/wp-content\/uploads\/2020\/12\/footer.jpg);;--awb-background-size:cover;--awb-flex-wrap:wrap;\" ><div class=\"fusion-builder-row fusion-row fusion-flex-align-items-flex-start fusion-flex-content-wrap\" style=\"width:104% !important;max-width:104% !important;margin-left: calc(-4% \/ 2 );margin-right: calc(-4% \/ 2 );\"><div class=\"fusion-layout-column fusion_builder_column fusion-builder-column-3 fusion_builder_column_2_3 2_3 fusion-flex-column fusion-animated\" style=\"--awb-bg-size:cover;--awb-width-large:66.666666666667%;--awb-margin-top-large:0px;--awb-spacing-right-large:2.88%;--awb-margin-bottom-large:20px;--awb-spacing-left-large:2.88%;--awb-width-medium:66.666666666667%;--awb-spacing-right-medium:2.88%;--awb-spacing-left-medium:2.88%;--awb-width-small:100%;--awb-spacing-right-small:1.92%;--awb-spacing-left-small:1.92%;\" data-animationType=\"fadeInUp\" data-animationDuration=\"1.0\" data-animationOffset=\"top-into-view\"><div class=\"fusion-column-wrapper fusion-column-has-shadow fusion-flex-justify-content-flex-start fusion-content-layout-column\"><div class=\"fusion-title title fusion-title-3 fusion-sep-none fusion-title-center fusion-title-text fusion-title-size-three\" style=\"--awb-text-color:#ffffff;--awb-margin-top:0px;--awb-sep-color:#415666;\"><h3 class=\"fusion-title-heading title-heading-center\" style=\"margin:0;\"><p>Nous sommes l\u00e0 pour fournir \u00e0 votre organisation,<br \/>\ndes produits de haute qualit\u00e9 et un service professionnel!<\/p><\/h3><\/div><\/div><\/div><div class=\"fusion-layout-column fusion_builder_column fusion-builder-column-4 fusion_builder_column_1_3 1_3 fusion-flex-column fusion-animated\" style=\"--awb-bg-size:cover;--awb-width-large:33.333333333333%;--awb-margin-top-large:0px;--awb-spacing-right-large:5.76%;--awb-margin-bottom-large:20px;--awb-spacing-left-large:5.76%;--awb-width-medium:33.333333333333%;--awb-spacing-right-medium:5.76%;--awb-spacing-left-medium:5.76%;--awb-width-small:100%;--awb-spacing-right-small:1.92%;--awb-spacing-left-small:1.92%;\" data-animationType=\"fadeInUp\" data-animationDuration=\"1.0\" data-animationOffset=\"top-into-view\"><div class=\"fusion-column-wrapper fusion-column-has-shadow fusion-flex-justify-content-flex-start fusion-content-layout-column\"><div style=\"text-align:center;\"><a class=\"fusion-button button-flat fusion-button-default-size button-default fusion-button-default button-1 fusion-button-default-span fusion-button-default-type\" target=\"_self\" title=\"Contactez-nous pour plus d&#039;informations\" aria-label=\"Contactez-nous pour plus d&#039;informations\" href=\"\/contact-us\/\"><span class=\"fusion-button-text\">Contactez-nous pour plus d&#8217;informations<\/span><\/a><\/div><\/div><\/div><\/div><\/div>\n<\/p>\n","protected":false},"excerpt":{"rendered":"","protected":false},"author":1,"featured_media":2629,"parent":2197,"menu_order":0,"comment_status":"closed","ping_status":"closed","template":"100-width.php","meta":{"footnotes":""},"class_list":["post-2221","page","type-page","status-publish","has-post-thumbnail","hentry"],"_links":{"self":[{"href":"https:\/\/elimetal.com\/fr\/wp-json\/wp\/v2\/pages\/2221","targetHints":{"allow":["GET"]}}],"collection":[{"href":"https:\/\/elimetal.com\/fr\/wp-json\/wp\/v2\/pages"}],"about":[{"href":"https:\/\/elimetal.com\/fr\/wp-json\/wp\/v2\/types\/page"}],"author":[{"embeddable":true,"href":"https:\/\/elimetal.com\/fr\/wp-json\/wp\/v2\/users\/1"}],"replies":[{"embeddable":true,"href":"https:\/\/elimetal.com\/fr\/wp-json\/wp\/v2\/comments?post=2221"}],"version-history":[{"count":2,"href":"https:\/\/elimetal.com\/fr\/wp-json\/wp\/v2\/pages\/2221\/revisions"}],"predecessor-version":[{"id":2223,"href":"https:\/\/elimetal.com\/fr\/wp-json\/wp\/v2\/pages\/2221\/revisions\/2223"}],"up":[{"embeddable":true,"href":"https:\/\/elimetal.com\/fr\/wp-json\/wp\/v2\/pages\/2197"}],"wp:featuredmedia":[{"embeddable":true,"href":"https:\/\/elimetal.com\/fr\/wp-json\/wp\/v2\/media\/2629"}],"wp:attachment":[{"href":"https:\/\/elimetal.com\/fr\/wp-json\/wp\/v2\/media?parent=2221"}],"curies":[{"name":"wp","href":"https:\/\/api.w.org\/{rel}","templated":true}]}}