{"id":2202,"date":"2020-10-14T19:10:15","date_gmt":"2020-10-14T19:10:15","guid":{"rendered":"http:\/\/elimetalinc.com\/a-propos\/notre-compagnie\/"},"modified":"2021-07-22T19:13:26","modified_gmt":"2021-07-22T19:13:26","slug":"our-company","status":"publish","type":"page","link":"https:\/\/elimetal.com\/fr\/about-us\/our-company\/","title":{"rendered":"Notre Compagnie"},"content":{"rendered":"<p><div class=\"fusion-fullwidth fullwidth-box fusion-builder-row-1 fusion-flex-container fusion-parallax-none nonhundred-percent-fullwidth non-hundred-percent-height-scrolling\" style=\"--awb-background-position:center bottom;--awb-background-blend-mode:overlay;--awb-border-radius-top-left:0px;--awb-border-radius-top-right:0px;--awb-border-radius-bottom-right:0px;--awb-border-radius-bottom-left:0px;--awb-padding-top:6%;--awb-padding-bottom:5%;--awb-background-image:linear-gradient(180deg, #ffffff 0%,rgba(255,255,255,0) 100%),url(http:\/\/elimetalinc.com\/wp-content\/uploads\/2020\/10\/bg-8.jpg);;--awb-background-size:cover;--awb-flex-wrap:wrap;\" ><div class=\"fusion-builder-row fusion-row fusion-flex-align-items-stretch fusion-flex-content-wrap\" style=\"max-width:1300px;margin-left: calc(-4% \/ 2 );margin-right: calc(-4% \/ 2 );\"><div class=\"fusion-layout-column fusion_builder_column fusion-builder-column-0 fusion_builder_column_2_3 2_3 fusion-flex-column fusion-animated\" style=\"--awb-bg-size:cover;--awb-width-large:66.666666666667%;--awb-margin-top-large:0px;--awb-spacing-right-large:2.88%;--awb-margin-bottom-large:20px;--awb-spacing-left-large:2.88%;--awb-width-medium:66.666666666667%;--awb-order-medium:0;--awb-spacing-right-medium:2.88%;--awb-spacing-left-medium:2.88%;--awb-width-small:100%;--awb-order-small:0;--awb-spacing-right-small:1.92%;--awb-spacing-left-small:1.92%;\" data-animationType=\"fadeInLeft\" data-animationDuration=\"1.0\" data-animationOffset=\"top-into-view\"><div class=\"fusion-column-wrapper fusion-column-has-shadow fusion-flex-justify-content-flex-start fusion-content-layout-column\"><div class=\"fusion-title title fusion-title-1 fusion-sep-none fusion-title-text fusion-title-size-one\" style=\"--awb-font-size:45px;\"><h1 class=\"fusion-title-heading title-heading-left\" style=\"margin:0;font-size:1em;\">Notre Compagnie<\/h1><\/div><div class=\"fusion-text fusion-text-1\"><p>Avec plus de 40 ans d&rsquo;exp\u00e9rience,<strong>Elimetal Inc.<\/strong> est une centre d&rsquo;usinage CNC de pr\u00e9cision compl\u00e8te ainsi que l&rsquo;une des plus grandes maisons d&rsquo;\u00e9lectro\u00e9rosion priv\u00e9es en Am\u00e9rique du Nord.<\/p>\n<\/div><\/div><\/div><\/div><\/div><div class=\"fusion-fullwidth fullwidth-box fusion-builder-row-2 fusion-flex-container nonhundred-percent-fullwidth non-hundred-percent-height-scrolling\" style=\"--awb-border-radius-top-left:0px;--awb-border-radius-top-right:0px;--awb-border-radius-bottom-right:0px;--awb-border-radius-bottom-left:0px;--awb-padding-top:40px;--awb-padding-bottom:0px;--awb-flex-wrap:wrap;\" ><div class=\"fusion-builder-row fusion-row fusion-flex-align-items-flex-start fusion-flex-content-wrap\" style=\"max-width:1300px;margin-left: calc(-4% \/ 2 );margin-right: calc(-4% \/ 2 );\"><div class=\"fusion-layout-column fusion_builder_column fusion-builder-column-1 fusion_builder_column_1_1 1_1 fusion-flex-column\" style=\"--awb-bg-size:cover;--awb-width-large:100%;--awb-margin-top-large:0px;--awb-spacing-right-large:1.92%;--awb-margin-bottom-large:20px;--awb-spacing-left-large:1.92%;--awb-width-medium:100%;--awb-order-medium:0;--awb-spacing-right-medium:1.92%;--awb-spacing-left-medium:1.92%;--awb-width-small:100%;--awb-order-small:0;--awb-spacing-right-small:1.92%;--awb-spacing-left-small:1.92%;\"><div class=\"fusion-column-wrapper fusion-column-has-shadow fusion-flex-justify-content-flex-start fusion-content-layout-column\"><div class=\"fusion-text fusion-text-2\"><p><strong>Elimetal Inc.<\/strong>est une entreprise <strong>d&rsquo;usinage \u00e0 capacit\u00e9s multiples<\/strong> qui fournit des composants et des sous-ensembles complexes de fabrication-\u00e0-l&rsquo;impression pour les industries; a\u00e9rospatiale, de la d\u00e9fense, de l&rsquo;\u00e9nergie et du commerce haut de gamme. En ce qui concerne l&rsquo;industrie a\u00e9rospatiale, notre sp\u00e9cialisation r\u00e9side dans la fourniture de pi\u00e8ces de moteur, d&rsquo;unit\u00e9s de contr\u00f4le de carburant, de composants et d&rsquo;assemblages de trains d&rsquo;atterrissage et de d\u00e9tails a\u00e9rostructuraux.<\/p>\n<\/div><\/div><\/div><div class=\"fusion-layout-column fusion_builder_column fusion-builder-column-2 fusion_builder_column_1_2 1_2 fusion-flex-column\" style=\"--awb-bg-size:cover;--awb-width-large:50%;--awb-margin-top-large:0px;--awb-spacing-right-large:3.84%;--awb-margin-bottom-large:20px;--awb-spacing-left-large:3.84%;--awb-width-medium:50%;--awb-order-medium:0;--awb-spacing-right-medium:3.84%;--awb-spacing-left-medium:3.84%;--awb-width-small:100%;--awb-order-small:0;--awb-spacing-right-small:1.92%;--awb-spacing-left-small:1.92%;\"><div class=\"fusion-column-wrapper fusion-column-has-shadow fusion-flex-justify-content-flex-start fusion-content-layout-column\"><div class=\"fusion-image-element \" style=\"--awb-caption-title-font-family:var(--h2_typography-font-family);--awb-caption-title-font-weight:var(--h2_typography-font-weight);--awb-caption-title-font-style:var(--h2_typography-font-style);--awb-caption-title-size:var(--h2_typography-font-size);--awb-caption-title-transform:var(--h2_typography-text-transform);--awb-caption-title-line-height:var(--h2_typography-line-height);--awb-caption-title-letter-spacing:var(--h2_typography-letter-spacing);\"><span class=\" fusion-imageframe imageframe-none imageframe-1 hover-type-none\"><img decoding=\"async\" width=\"1950\" height=\"1270\" title=\"_27A9025\" src=\"http:\/\/elimetalinc.com\/wp-content\/uploads\/2021\/07\/27A9025-1.jpg\" alt class=\"img-responsive wp-image-2519\" srcset=\"https:\/\/elimetal.com\/wp-content\/uploads\/2021\/07\/27A9025-1-200x130.jpg 200w, https:\/\/elimetal.com\/wp-content\/uploads\/2021\/07\/27A9025-1-400x261.jpg 400w, https:\/\/elimetal.com\/wp-content\/uploads\/2021\/07\/27A9025-1-600x391.jpg 600w, https:\/\/elimetal.com\/wp-content\/uploads\/2021\/07\/27A9025-1-800x521.jpg 800w, https:\/\/elimetal.com\/wp-content\/uploads\/2021\/07\/27A9025-1-1200x782.jpg 1200w, https:\/\/elimetal.com\/wp-content\/uploads\/2021\/07\/27A9025-1.jpg 1950w\" sizes=\"(max-width: 640px) 100vw, 600px\" \/><\/span><\/div><\/div><\/div><div class=\"fusion-layout-column fusion_builder_column fusion-builder-column-3 fusion_builder_column_1_2 1_2 fusion-flex-column\" style=\"--awb-bg-size:cover;--awb-width-large:50%;--awb-margin-top-large:0px;--awb-spacing-right-large:3.84%;--awb-margin-bottom-large:20px;--awb-spacing-left-large:3.84%;--awb-width-medium:50%;--awb-order-medium:0;--awb-spacing-right-medium:3.84%;--awb-spacing-left-medium:3.84%;--awb-width-small:100%;--awb-order-small:0;--awb-spacing-right-small:1.92%;--awb-spacing-left-small:1.92%;\"><div class=\"fusion-column-wrapper fusion-column-has-shadow fusion-flex-justify-content-flex-start fusion-content-layout-column\"><div class=\"fusion-text fusion-text-3\"><p><strong>Elimetal utilise les technologies et processus d&rsquo;usinage de pr\u00e9cision suivants pour cr\u00e9er des pi\u00e8ces de haute qualit\u00e9 :<\/strong><\/p>\n<ul>\n<li>Centres de Mill-Turn, fraisage et tournage CNC 5 axes<\/li>\n<li>Robotique allum\u00e9e 24\/7<\/li>\n<li>Rectification cylindrique (ID &amp; OD)<\/li>\n<li>Match-Grind<\/li>\n<li>EDM \u2013 Fil, fon\u00e7age et per\u00e7age<\/li>\n<li>Honing<\/li>\n<li>Lapping<\/li>\n<li>Test de pression hydraulique<\/li>\n<\/ul>\n<\/div><\/div><\/div><div class=\"fusion-layout-column fusion_builder_column fusion-builder-column-4 fusion_builder_column_1_1 1_1 fusion-flex-column\" style=\"--awb-bg-size:cover;--awb-width-large:100%;--awb-margin-top-large:0px;--awb-spacing-right-large:1.92%;--awb-margin-bottom-large:20px;--awb-spacing-left-large:1.92%;--awb-width-medium:100%;--awb-order-medium:0;--awb-spacing-right-medium:1.92%;--awb-spacing-left-medium:1.92%;--awb-width-small:100%;--awb-order-small:0;--awb-spacing-right-small:1.92%;--awb-spacing-left-small:1.92%;\"><div class=\"fusion-column-wrapper fusion-column-has-shadow fusion-flex-justify-content-flex-start fusion-content-layout-column\"><div class=\"fusion-text fusion-text-4\"><p>Depuis sa cr\u00e9ation, l&rsquo;entreprise a d\u00e9velopp\u00e9 une reputation impeccable dans le d\u00e9veloppement et la production de pi\u00e8ces complexes. Notre succ\u00e8s est directement li\u00e9 \u00e0 nos capacit\u00e9s de R&amp;D personnalis\u00e9es et \u00e0 notre innovation. Cela permet essentiellement \u00e0 l&rsquo;entreprise de fournir \u00e0 ses clients de nouvelles solutions cr\u00e9atives, tout en fabriquant efficacement des pi\u00e8ces et des assemblages complexes.<\/p>\n<\/div><\/div><\/div><\/div><\/div><div class=\"fusion-fullwidth fullwidth-box fusion-builder-row-3 fusion-flex-container nonhundred-percent-fullwidth non-hundred-percent-height-scrolling\" style=\"--awb-border-radius-top-left:0px;--awb-border-radius-top-right:0px;--awb-border-radius-bottom-right:0px;--awb-border-radius-bottom-left:0px;--awb-padding-top:40px;--awb-padding-bottom:40px;--awb-background-color:#f2f2f2;--awb-flex-wrap:wrap;\" ><div class=\"fusion-builder-row fusion-row fusion-flex-align-items-flex-start fusion-flex-content-wrap\" style=\"max-width:1300px;margin-left: calc(-4% \/ 2 );margin-right: calc(-4% \/ 2 );\"><div class=\"fusion-layout-column fusion_builder_column fusion-builder-column-5 fusion_builder_column_1_1 1_1 fusion-flex-column\" style=\"--awb-bg-size:cover;--awb-width-large:100%;--awb-margin-top-large:0px;--awb-spacing-right-large:1.92%;--awb-margin-bottom-large:20px;--awb-spacing-left-large:1.92%;--awb-width-medium:100%;--awb-order-medium:0;--awb-spacing-right-medium:1.92%;--awb-spacing-left-medium:1.92%;--awb-width-small:100%;--awb-order-small:0;--awb-spacing-right-small:1.92%;--awb-spacing-left-small:1.92%;\"><div class=\"fusion-column-wrapper fusion-column-has-shadow fusion-flex-justify-content-flex-start fusion-content-layout-column\"><div class=\"fusion-title title fusion-title-2 fusion-sep-none fusion-title-text fusion-title-size-three\"><h3 class=\"fusion-title-heading title-heading-left\" style=\"margin:0;\"><strong>Pourquoi Elimetal?<\/strong><\/h3><\/div><div class=\"fusion-separator fusion-full-width-sep\" style=\"align-self: center;margin-left: auto;margin-right: auto;margin-top:15px;width:100%;\"><\/div><div class=\"fusion-text fusion-text-5\"><p>Situ\u00e9 au sein de l&rsquo;une des plus grandes grappes a\u00e9rospatiales au monde \u00e0 Montr\u00e9al, Canada, <strong>Elimetal Inc.<\/strong> est situ\u00e9 \u00e0 Saint-Laurent dans une installation de 37 200 pieds carr\u00e9s. \u00catre dans la r\u00e9gion de Montr\u00e9al offre un acc\u00e8s facile \u00e0 des fournisseurs de mati\u00e8res premi\u00e8res de classe mondiale, \u00e0 des installations de traitement sp\u00e9ciales, \u00e0 des fournisseurs de services de soutien en a\u00e9rospatiale ainsi qu&rsquo;\u00e0 des clients.<\/p>\n<p>L&rsquo;entreprise est fi\u00e8re d&rsquo;offrir l&rsquo;ex\u00e9cution rapide pour les programmes de d\u00e9veloppement et les nouveaux travaux sur la base de son exp\u00e9rience en gestion de programme, ing\u00e9nierie\/m\u00e9thode et atelier.<\/p>\n<p><strong>Elimetal Inc.<\/strong>op\u00e8re dans une culture entrepreneuriale et a maintenu l&rsquo;accent sur les initiatives dans les domaines de l&rsquo;att\u00e9nuation des risques, de la production \u00ab lean \u00bb, de l&rsquo;am\u00e9lioration continue, de l&rsquo;engagement des employ\u00e9s et de la gestion robuste de la cha\u00eene d&rsquo;approvisionnement. Cette orientation a jou\u00e9 un r\u00f4le important dans l&rsquo;\u00e9tablissement de relations \u00e0 long terme avec les OEM, les niveaux 1 et 2 en offrant constamment les meilleures performances de livraison et de qualit\u00e9 dans les d\u00e9lais tout en offrant une proposition de valeur \u00e0 co\u00fbt comp\u00e9titif. La concentration incessant sur la performance op\u00e9rationnelle s&rsquo;est traduite par un bilan solide permettant des investissements en capital continus et la capacit\u00e9 disponible pour r\u00e9pondre aux besoins des clients existants et nouveaux.<br \/>\nLa d\u00e9signation de marchandises contr\u00f4l\u00e9es au Canada de l&rsquo;entreprise permis <strong>Elimetal Inc.<\/strong>de produire de nombreuses pi\u00e8ces et assemblages militaires complexes ainsi que de fournir un support de vente apr\u00e8s-vente.<\/p>\n<\/div><\/div><\/div><\/div><\/div><div class=\"fusion-fullwidth fullwidth-box fusion-builder-row-4 fusion-flex-container nonhundred-percent-fullwidth non-hundred-percent-height-scrolling\" style=\"--awb-border-radius-top-left:0px;--awb-border-radius-top-right:0px;--awb-border-radius-bottom-right:0px;--awb-border-radius-bottom-left:0px;--awb-padding-top:40px;--awb-padding-bottom:40px;--awb-background-color:#ffffff;--awb-flex-wrap:wrap;\" ><div class=\"fusion-builder-row fusion-row fusion-flex-align-items-flex-start fusion-flex-content-wrap\" style=\"max-width:1300px;margin-left: calc(-4% \/ 2 );margin-right: calc(-4% \/ 2 );\"><div class=\"fusion-layout-column fusion_builder_column fusion-builder-column-6 fusion_builder_column_1_1 1_1 fusion-flex-column\" style=\"--awb-bg-size:cover;--awb-width-large:100%;--awb-margin-top-large:0px;--awb-spacing-right-large:1.92%;--awb-margin-bottom-large:20px;--awb-spacing-left-large:1.92%;--awb-width-medium:100%;--awb-order-medium:0;--awb-spacing-right-medium:1.92%;--awb-spacing-left-medium:1.92%;--awb-width-small:100%;--awb-order-small:0;--awb-spacing-right-small:1.92%;--awb-spacing-left-small:1.92%;\"><div class=\"fusion-column-wrapper fusion-column-has-shadow fusion-flex-justify-content-flex-start fusion-content-layout-column\"><div class=\"fusion-title title fusion-title-3 fusion-sep-none fusion-title-text fusion-title-size-three\"><h3 class=\"fusion-title-heading title-heading-left\" style=\"margin:0;\"><strong>Syst\u00e8me Qualit\u00e9 et Certifications <\/strong><\/h3><\/div><div class=\"fusion-separator fusion-full-width-sep\" style=\"align-self: center;margin-left: auto;margin-right: auto;margin-top:15px;width:100%;\"><\/div><div class=\"fusion-text fusion-text-6\"><p>Elimetal tien un syst\u00e8me de fabrication de qualit\u00e9 robuste et a int\u00e9gr\u00e9 de nombreux processus de qualit\u00e9, y compris ceux de PPAP avec un focus particulier sur l&rsquo;att\u00e9nuation des risques dans la gestion quotidienne de l&rsquo;entreprise. Elimetal est \u00e9galement \u00e9quip\u00e9 de deux machines MMT enti\u00e8rement programmables. Les certifications de qualit\u00e9 comprennent les \u00e9l\u00e9ments suivants :<\/p>\n<\/div><div class=\"fusion-separator fusion-full-width-sep\" style=\"align-self: center;margin-left: auto;margin-right: auto;margin-top:15px;width:100%;\"><\/div><\/div><\/div><div class=\"fusion-layout-column fusion_builder_column fusion-builder-column-7 fusion_builder_column_1_3 1_3 fusion-flex-column\" style=\"--awb-bg-size:cover;--awb-width-large:33.333333333333%;--awb-margin-top-large:0px;--awb-spacing-right-large:5.76%;--awb-margin-bottom-large:20px;--awb-spacing-left-large:5.76%;--awb-width-medium:33.333333333333%;--awb-order-medium:0;--awb-spacing-right-medium:5.76%;--awb-spacing-left-medium:5.76%;--awb-width-small:100%;--awb-order-small:0;--awb-spacing-right-small:1.92%;--awb-spacing-left-small:1.92%;\"><div class=\"fusion-column-wrapper fusion-column-has-shadow fusion-flex-justify-content-flex-start fusion-content-layout-column\"><div class=\"fusion-separator fusion-full-width-sep\" style=\"align-self: center;margin-left: auto;margin-right: auto;margin-top:15px;width:100%;\"><\/div><ul style=\"--awb-line-height:25.5px;--awb-icon-width:25.5px;--awb-icon-height:25.5px;--awb-icon-margin:10.5px;--awb-content-margin:36px;\" class=\"fusion-checklist fusion-checklist-1 fusion-checklist-default type-icons\"><li class=\"fusion-li-item\" style=\"\"><span class=\"icon-wrapper circle-no\"><i class=\"fusion-li-icon awb-icon-check\" aria-hidden=\"true\"><\/i><\/span><div class=\"fusion-li-item-content\">\n<p>AS9100 R\u00e9v D<\/p>\n<\/div><\/li><li class=\"fusion-li-item\" style=\"\"><span class=\"icon-wrapper circle-no\"><i class=\"fusion-li-icon awb-icon-check\" aria-hidden=\"true\"><\/i><\/span><div class=\"fusion-li-item-content\">\n<p>ISO 9001: 2015<\/p>\n<\/div><\/li><li class=\"fusion-li-item\" style=\"\"><span class=\"icon-wrapper circle-no\"><i class=\"fusion-li-icon awb-icon-check\" aria-hidden=\"true\"><\/i><\/span><div class=\"fusion-li-item-content\">\n<p>Marchandises contr\u00f4l\u00e9es au Canada<\/p>\n<\/div><\/li><li class=\"fusion-li-item\" style=\"\"><span class=\"icon-wrapper circle-no\"><i class=\"fusion-li-icon awb-icon-check\" aria-hidden=\"true\"><\/i><\/span><div class=\"fusion-li-item-content\">\n<p>Normes EDM : CPW350, RPS418, DCMP-191, BAPS 188-001, PSM2083<\/p>\n<\/div><\/li><li class=\"fusion-li-item\" style=\"\"><span class=\"icon-wrapper circle-no\"><i class=\"fusion-li-icon awb-icon-check\" aria-hidden=\"true\"><\/i><\/span><div class=\"fusion-li-item-content\">\n<p>La certification NADCAP pour l&rsquo;\u00e9lectro\u00e9rosion et le meulage est en cours<\/p>\n<\/div><\/li><\/ul><\/div><\/div><div class=\"fusion-layout-column fusion_builder_column fusion-builder-column-8 fusion_builder_column_1_3 1_3 fusion-flex-column\" style=\"--awb-bg-size:cover;--awb-width-large:33.333333333333%;--awb-margin-top-large:0px;--awb-spacing-right-large:5.76%;--awb-margin-bottom-large:20px;--awb-spacing-left-large:5.76%;--awb-width-medium:33.333333333333%;--awb-order-medium:0;--awb-spacing-right-medium:5.76%;--awb-spacing-left-medium:5.76%;--awb-width-small:100%;--awb-order-small:0;--awb-spacing-right-small:1.92%;--awb-spacing-left-small:1.92%;\"><div class=\"fusion-column-wrapper fusion-column-has-shadow fusion-flex-justify-content-flex-start fusion-content-layout-column\"><div class=\"fusion-image-element \" style=\"--awb-caption-title-font-family:var(--h2_typography-font-family);--awb-caption-title-font-weight:var(--h2_typography-font-weight);--awb-caption-title-font-style:var(--h2_typography-font-style);--awb-caption-title-size:var(--h2_typography-font-size);--awb-caption-title-transform:var(--h2_typography-text-transform);--awb-caption-title-line-height:var(--h2_typography-line-height);--awb-caption-title-letter-spacing:var(--h2_typography-letter-spacing);\"><span class=\" fusion-imageframe imageframe-none imageframe-2 hover-type-none\"><img decoding=\"async\" width=\"2197\" height=\"1698\" title=\"CGP CERTIFICATE\" src=\"http:\/\/elimetalinc.com\/wp-content\/uploads\/2021\/06\/CGP-CERTIFICATE.jpg\" alt class=\"img-responsive wp-image-2707\" srcset=\"https:\/\/elimetal.com\/wp-content\/uploads\/2021\/06\/CGP-CERTIFICATE-200x155.jpg 200w, https:\/\/elimetal.com\/wp-content\/uploads\/2021\/06\/CGP-CERTIFICATE-400x309.jpg 400w, https:\/\/elimetal.com\/wp-content\/uploads\/2021\/06\/CGP-CERTIFICATE-600x464.jpg 600w, https:\/\/elimetal.com\/wp-content\/uploads\/2021\/06\/CGP-CERTIFICATE-800x618.jpg 800w, https:\/\/elimetal.com\/wp-content\/uploads\/2021\/06\/CGP-CERTIFICATE-1200x927.jpg 1200w, https:\/\/elimetal.com\/wp-content\/uploads\/2021\/06\/CGP-CERTIFICATE.jpg 2197w\" sizes=\"(max-width: 640px) 100vw, 400px\" \/><\/span><\/div><\/div><\/div><div class=\"fusion-layout-column fusion_builder_column fusion-builder-column-9 fusion_builder_column_1_3 1_3 fusion-flex-column\" style=\"--awb-bg-size:cover;--awb-width-large:33.333333333333%;--awb-margin-top-large:0px;--awb-spacing-right-large:5.76%;--awb-margin-bottom-large:20px;--awb-spacing-left-large:5.76%;--awb-width-medium:33.333333333333%;--awb-order-medium:0;--awb-spacing-right-medium:5.76%;--awb-spacing-left-medium:5.76%;--awb-width-small:100%;--awb-order-small:0;--awb-spacing-right-small:1.92%;--awb-spacing-left-small:1.92%;\"><div class=\"fusion-column-wrapper fusion-column-has-shadow fusion-flex-justify-content-flex-start fusion-content-layout-column\"><div class=\"fusion-separator fusion-full-width-sep\" style=\"align-self: center;margin-left: auto;margin-right: auto;margin-top:15px;width:100%;\"><\/div><div class=\"fusion-image-element \" style=\"--awb-caption-title-font-family:var(--h2_typography-font-family);--awb-caption-title-font-weight:var(--h2_typography-font-weight);--awb-caption-title-font-style:var(--h2_typography-font-style);--awb-caption-title-size:var(--h2_typography-font-size);--awb-caption-title-transform:var(--h2_typography-text-transform);--awb-caption-title-line-height:var(--h2_typography-line-height);--awb-caption-title-letter-spacing:var(--h2_typography-letter-spacing);\"><span class=\" fusion-imageframe imageframe-none imageframe-3 hover-type-none\"><img decoding=\"async\" width=\"1950\" height=\"1270\" title=\"_27A9198\" src=\"http:\/\/elimetalinc.com\/wp-content\/uploads\/2021\/07\/27A9198.jpg\" alt class=\"img-responsive wp-image-2522\" srcset=\"https:\/\/elimetal.com\/wp-content\/uploads\/2021\/07\/27A9198-200x130.jpg 200w, https:\/\/elimetal.com\/wp-content\/uploads\/2021\/07\/27A9198-400x261.jpg 400w, https:\/\/elimetal.com\/wp-content\/uploads\/2021\/07\/27A9198-600x391.jpg 600w, https:\/\/elimetal.com\/wp-content\/uploads\/2021\/07\/27A9198-800x521.jpg 800w, https:\/\/elimetal.com\/wp-content\/uploads\/2021\/07\/27A9198-1200x782.jpg 1200w, https:\/\/elimetal.com\/wp-content\/uploads\/2021\/07\/27A9198.jpg 1950w\" sizes=\"(max-width: 640px) 100vw, 400px\" \/><\/span><\/div><\/div><\/div><\/div><\/div><div class=\"fusion-fullwidth fullwidth-box fusion-builder-row-5 fusion-flex-container fusion-parallax-none hundred-percent-fullwidth non-hundred-percent-height-scrolling\" style=\"--awb-border-radius-top-left:0px;--awb-border-radius-top-right:0px;--awb-border-radius-bottom-right:0px;--awb-border-radius-bottom-left:0px;--awb-padding-top:6%;--awb-padding-right:18%;--awb-padding-bottom:5%;--awb-padding-left:18%;--awb-background-image:linear-gradient(0deg, rgba(102,169,214,0) 0%,rgba(0,0,0,0.04) 66%),url(http:\/\/elimetalinc.com\/wp-content\/uploads\/2020\/12\/footer.jpg);;--awb-background-size:cover;--awb-flex-wrap:wrap;\" ><div class=\"fusion-builder-row fusion-row fusion-flex-align-items-center fusion-flex-content-wrap\" style=\"width:104% !important;max-width:104% !important;margin-left: calc(-4% \/ 2 );margin-right: calc(-4% \/ 2 );\"><div class=\"fusion-layout-column fusion_builder_column fusion-builder-column-10 fusion_builder_column_2_3 2_3 fusion-flex-column fusion-animated\" style=\"--awb-bg-size:cover;--awb-width-large:66.666666666667%;--awb-margin-top-large:0px;--awb-spacing-right-large:2.88%;--awb-margin-bottom-large:20px;--awb-spacing-left-large:2.88%;--awb-width-medium:66.666666666667%;--awb-spacing-right-medium:2.88%;--awb-spacing-left-medium:2.88%;--awb-width-small:100%;--awb-spacing-right-small:1.92%;--awb-spacing-left-small:1.92%;\" data-animationType=\"fadeInUp\" data-animationDuration=\"1.0\" data-animationOffset=\"top-into-view\"><div class=\"fusion-column-wrapper fusion-column-has-shadow fusion-flex-justify-content-flex-start fusion-content-layout-column\"><div class=\"fusion-title title fusion-title-4 fusion-sep-none fusion-title-text fusion-title-size-three\" style=\"--awb-text-color:#ffffff;--awb-margin-top:0px;--awb-sep-color:#415666;\"><h3 class=\"fusion-title-heading title-heading-left\" style=\"margin:0;\"><p>Nous sommes l\u00e0 pour fournir \u00e0 votre organisation,<br \/>\ndes produits de haute qualit\u00e9 et un service professionnel!<\/p><\/h3><\/div><\/div><\/div><div class=\"fusion-layout-column fusion_builder_column fusion-builder-column-11 fusion_builder_column_1_3 1_3 fusion-flex-column fusion-animated\" style=\"--awb-bg-size:cover;--awb-width-large:33.333333333333%;--awb-margin-top-large:0px;--awb-spacing-right-large:5.76%;--awb-margin-bottom-large:20px;--awb-spacing-left-large:5.76%;--awb-width-medium:33.333333333333%;--awb-spacing-right-medium:5.76%;--awb-spacing-left-medium:5.76%;--awb-width-small:100%;--awb-spacing-right-small:1.92%;--awb-spacing-left-small:1.92%;\" data-animationType=\"fadeInUp\" data-animationDuration=\"1.0\" data-animationOffset=\"top-into-view\"><div class=\"fusion-column-wrapper fusion-column-has-shadow fusion-flex-justify-content-flex-start fusion-content-layout-column\"><div style=\"text-align:center;\"><a class=\"fusion-button button-flat fusion-button-default-size button-default fusion-button-default button-1 fusion-button-default-span fusion-button-default-type\" target=\"_self\" title=\"Contactez-nous pour plus d&#039;informations\" aria-label=\"Contactez-nous pour plus d&#039;informations\" href=\"https:\/\/elimetal.com\/fr\/nous-contacter\/\"><span class=\"fusion-button-text\">Contactez-nous pour plus d&rsquo;informations<\/span><\/a><\/div><\/div><\/div><\/div><\/div>\n<\/p>\n","protected":false},"excerpt":{"rendered":"","protected":false},"author":1,"featured_media":0,"parent":2197,"menu_order":0,"comment_status":"closed","ping_status":"closed","template":"100-width.php","meta":{"footnotes":""},"class_list":["post-2202","page","type-page","status-publish","hentry"],"_links":{"self":[{"href":"https:\/\/elimetal.com\/fr\/wp-json\/wp\/v2\/pages\/2202","targetHints":{"allow":["GET"]}}],"collection":[{"href":"https:\/\/elimetal.com\/fr\/wp-json\/wp\/v2\/pages"}],"about":[{"href":"https:\/\/elimetal.com\/fr\/wp-json\/wp\/v2\/types\/page"}],"author":[{"embeddable":true,"href":"https:\/\/elimetal.com\/fr\/wp-json\/wp\/v2\/users\/1"}],"replies":[{"embeddable":true,"href":"https:\/\/elimetal.com\/fr\/wp-json\/wp\/v2\/comments?post=2202"}],"version-history":[{"count":14,"href":"https:\/\/elimetal.com\/fr\/wp-json\/wp\/v2\/pages\/2202\/revisions"}],"predecessor-version":[{"id":3004,"href":"https:\/\/elimetal.com\/fr\/wp-json\/wp\/v2\/pages\/2202\/revisions\/3004"}],"up":[{"embeddable":true,"href":"https:\/\/elimetal.com\/fr\/wp-json\/wp\/v2\/pages\/2197"}],"wp:attachment":[{"href":"https:\/\/elimetal.com\/fr\/wp-json\/wp\/v2\/media?parent=2202"}],"curies":[{"name":"wp","href":"https:\/\/api.w.org\/{rel}","templated":true}]}}